{"id":992,"date":"2015-04-06T17:12:46","date_gmt":"2015-04-06T17:12:46","guid":{"rendered":"http:\/\/www.bsv-buesum.de\/?page_id=992"},"modified":"2019-03-16T12:34:57","modified_gmt":"2019-03-16T12:34:57","slug":"grillplatz","status":"publish","type":"page","link":"https:\/\/www.bsv-buesum.de\/?page_id=992","title":{"rendered":"Grillplatz"},"content":{"rendered":"<p align=\"justify\">Dank des couragierten Einsatzes mehrerer Segelkameraden, k\u00f6nnen wir seit der Segelsaison 2013 einen wundersch\u00f6nen Grillplatz aus robustem Holz unser Eigen nennen. Die Grillbenutzung ist kostenlos. Wir bitten nur darum, den Grill wieder zu s\u00e4ubern. Danke!<\/p>\n<p align=\"justify\"><a href=\"http:\/\/www.bsv-buesum.de\/wp-content\/uploads\/clip_image002.png\"><img loading=\"lazy\" decoding=\"async\" style=\"background-image: none; float: right; padding-top: 0px; padding-left: 0px; margin: 7px 0px 7px 7px; display: inline; padding-right: 0px; border: 0px;\" title=\"clip_image002\" src=\"http:\/\/www.bsv-buesum.de\/wp-content\/uploads\/clip_image002_thumb.png\" alt=\"clip_image002\" width=\"335\" height=\"253\" align=\"right\" border=\"0\" \/><\/a>Hier kann man bei sch\u00f6nem Wetter windgesch\u00fctzt sitzen, essen, trinken, schnacken und einen ereignisreichen Tag nach einem aufregenden T\u00f6rn oder einem ruhigen Hafent<a name=\"_GoBack\"><\/a>ag ausklingen lassen.<br \/>\nBei uns kann man sich mit anderen Wassersport-Begeisterten austauschen, feiern, Tipps bekommen und Seemannsgarn spinnen.<\/p>\n<p align=\"justify\">Mit Fr\u00fcnn tosom wen!<\/p>\n","protected":false},"excerpt":{"rendered":"<p>Dank des couragierten Einsatzes mehrerer Segelkameraden, k\u00f6nnen wir seit der Segelsaison 2013 einen wundersch\u00f6nen Grillplatz aus robustem Holz unser Eigen nennen. Die Grillbenutzung ist kostenlos. Wir bitten nur darum, den Grill wieder zu s\u00e4ubern. Danke! Hier kann man bei sch\u00f6nem Wetter windgesch\u00fctzt sitzen, essen, trinken, schnacken und einen ereignisreichen Tag nach einem aufregenden T\u00f6rn oder<\/p>\n","protected":false},"author":2,"featured_media":0,"parent":28,"menu_order":4,"comment_status":"closed","ping_status":"closed","template":"","meta":{"footnotes":""},"class_list":["post-992","page","type-page","status-publish","hentry"],"_links":{"self":[{"href":"https:\/\/www.bsv-buesum.de\/index.php?rest_route=\/wp\/v2\/pages\/992","targetHints":{"allow":["GET"]}}],"collection":[{"href":"https:\/\/www.bsv-buesum.de\/index.php?rest_route=\/wp\/v2\/pages"}],"about":[{"href":"https:\/\/www.bsv-buesum.de\/index.php?rest_route=\/wp\/v2\/types\/page"}],"author":[{"embeddable":true,"href":"https:\/\/www.bsv-buesum.de\/index.php?rest_route=\/wp\/v2\/users\/2"}],"replies":[{"embeddable":true,"href":"https:\/\/www.bsv-buesum.de\/index.php?rest_route=%2Fwp%2Fv2%2Fcomments&post=992"}],"version-history":[{"count":5,"href":"https:\/\/www.bsv-buesum.de\/index.php?rest_route=\/wp\/v2\/pages\/992\/revisions"}],"predecessor-version":[{"id":1017,"href":"https:\/\/www.bsv-buesum.de\/index.php?rest_route=\/wp\/v2\/pages\/992\/revisions\/1017"}],"up":[{"embeddable":true,"href":"https:\/\/www.bsv-buesum.de\/index.php?rest_route=\/wp\/v2\/pages\/28"}],"wp:attachment":[{"href":"https:\/\/www.bsv-buesum.de\/index.php?rest_route=%2Fwp%2Fv2%2Fmedia&parent=992"}],"curies":[{"name":"wp","href":"https:\/\/api.w.org\/{rel}","templated":true}]}}