{"id":81,"date":"2012-04-25T22:00:09","date_gmt":"2012-04-25T22:00:09","guid":{"rendered":"http:\/\/www.bsv-buesum.de\/?page_id=81"},"modified":"2023-02-12T19:15:02","modified_gmt":"2023-02-12T19:15:02","slug":"galerie","status":"publish","type":"page","link":"https:\/\/www.bsv-buesum.de\/?page_id=81","title":{"rendered":"Segeln"},"content":{"rendered":"<ul>\n<li><a href=\"http:\/\/www.tertius4.de\" target=\"_blank\" rel=\"noopener\">Logbuch der Tertius IV 2013<\/a><\/li>\n<li><a title=\"Ansegeln 2013\" href=\"http:\/\/www.bsv-buesum.de\/?page_id=734\">Ansegeln 2013<\/a><\/li>\n<li><a title=\"Die au\u00dfergew\u00f6hnlichen Flitterwochen Reisebericht\" href=\"http:\/\/www.bsv-buesum.de\/?page_id=405\">T\u00f6rnbericht von Esther u. Maik: Die au\u00dfergew\u00f6hnlichen Flitterwochen<\/a><\/li>\n<li><a title=\"Klaus Gehrung \u2013 Die Erfahrungen eines Hobby-Bootsbauers\" href=\"http:\/\/www.bsv-buesum.de\/?page_id=883\">Klaus Gehrungs Erfahrungen als Hobbybootsbauer<\/a><\/li>\n<li><a title=\"Anhinga zu Besuch in B\u00fcsum\" href=\"http:\/\/www.bsv-buesum.de\/?page_id=86\">Anhinga zu Besuch in B\u00fcsum<\/a><\/li>\n<li><a title=\"Reisen mit der Sanssouci von Erich Clau\u00dfen 1983 bis 2001\" href=\"http:\/\/www.bsv-buesum.de\/?page_id=375\">Reisen mit der Sanssouci von Erich Clau\u00dfen 1983 bis 2001<\/a><\/li>\n<li><a title=\"S\u00f6nke K\u00e4hler segelte auf der \u201cDiva\u201d um den Admirals Cup 1985\" href=\"http:\/\/www.bsv-buesum.de\/?page_id=380\">S\u00f6nke K\u00e4hler segelte auf der &#8222;Diva&#8220; um den Admirals Cup 1985<\/a><\/li>\n<li><a href=\"http:\/\/www.bsv-buesum.de\/wp-content\/uploads\/Pl\u00e4doyer-Gezeit.pdf\">Pl\u00e4doyer Gezeit<\/a><\/li>\n<\/ul>\n<p>&nbsp;<\/p>\n\n\n<figure class=\"wp-block-image size-large\"><img loading=\"lazy\" decoding=\"async\" width=\"1024\" height=\"1024\" src=\"http:\/\/www.bsv-buesum.de\/wp-content\/uploads\/InkedToerns-bis-2018_LI-1024x1024.jpg\" alt=\"\" class=\"wp-image-2106\" srcset=\"https:\/\/www.bsv-buesum.de\/wp-content\/uploads\/InkedToerns-bis-2018_LI-1024x1024.jpg 1024w, https:\/\/www.bsv-buesum.de\/wp-content\/uploads\/InkedToerns-bis-2018_LI-300x300.jpg 300w, https:\/\/www.bsv-buesum.de\/wp-content\/uploads\/InkedToerns-bis-2018_LI-150x150.jpg 150w, https:\/\/www.bsv-buesum.de\/wp-content\/uploads\/InkedToerns-bis-2018_LI-768x768.jpg 768w, https:\/\/www.bsv-buesum.de\/wp-content\/uploads\/InkedToerns-bis-2018_LI-1536x1536.jpg 1536w, https:\/\/www.bsv-buesum.de\/wp-content\/uploads\/InkedToerns-bis-2018_LI-2048x2048.jpg 2048w\" sizes=\"auto, (max-width: 1024px) 100vw, 1024px\" \/><\/figure>\n\n\n\n<h2 class=\"wp-block-heading\">Reisen von Ingo<\/h2>\n\n\n\n<p><strong>T\u00f6rns 2005 \u2013 2018<\/strong><\/p>\n\n\n\n<p><strong>2005&nbsp;&nbsp; 26.06. &#8211; 29.07.&nbsp; 1314 Meilen&nbsp;&nbsp; <a>Vauquiez Victorian<\/a><\/strong><\/p>\n\n\n\n<p>Meldorf, Norderney, Ijmuiden, Zeebr\u00fcgge, Dunkerque, Eastbourne, Brighton, Shoreham-by- Sea, Cowes, <strong>Guernsey<\/strong>, Cherbourg, Dieppe, Boulogne-sur-Mer, Calais, Blankenberge, Scheveningen, Ijmuiden, Amsterdam, Enkhuizen, Makkum, Vlieland, Helgoland, Meldorf<\/p>\n\n\n\n<p><strong>2006&nbsp;&nbsp; 07.07. &#8211; 16.08. &nbsp;&nbsp;1359 Meilen&nbsp;&nbsp; Vauquiez Victorian<\/strong><\/p>\n\n\n\n<p>Meldorf, B\u00fcsum, Rendsburg, Darlowo, Ustka, Wladyslawowo, Gdansk, Pionierskij (<strong>K\u00f6nigsberg<\/strong>), Juordkrante, Nida, Minge (Memeldelta), Klaipeda, Hel, Leba, Darlowo, Kolobrzeg, Dziwnow, Kamien Pomorski, Nowo Warpno, Ramkwitz, Lauterbach, Stralsund, Vitte, Warnem\u00fcnde, Heiligenhafen, Kiel, D\u00fckerswisch, Brunsb\u00fcttel, Meldorf<\/p>\n\n\n\n<p><strong>2007 &nbsp;&nbsp;13.07. \u2013 21.08.&nbsp;&nbsp; 1552 Meilen&nbsp;&nbsp; <a>Hanseat Kielschwerter<\/a><\/strong><\/p>\n\n\n\n<p>Meldorf, B\u00fcsum, Farsund, Egersund, Stavanger, Leirvik, Haukanes, Feste, Dingja, <strong>Sognefjord<\/strong>, Dalsfjord, Bulandet, Solund (Steinsund), Hardbakke, Mj\u00f6mna, Feste, Bergen, S\u00f6re\u00f6yane, Jondal (Hardangerfjord), Sundal (Maurangsfjord), Rosendal, Skanevik, Leirvik, Espevaer, Skudeneshavn, Egersund, Korshamn, Lillesand, Skagen, Saeby, Hals, Gj\u00f6l (Limfjord), L\u00f6gst\u00f6r, Jegind\u00f6, Thybor\u00f6n, Meldorf.<\/p>\n\n\n\n<p><strong>2008&nbsp;&nbsp; 18.07. \u2013 25.08.&nbsp;&nbsp; 1306 Meilen&nbsp;&nbsp; Hanseat Kielschwerter<\/strong><\/p>\n\n\n\n<p>Meldorf, Hvide Sande, Thorsminde, Sirevag, Ystab\u00f6hamn, Haugesund, Kuleseidkanalen, Bakkasund, Nautnes, Nara, Svanoy, Flor\u00f6, Maloy, Silda (<strong>62\u00b000,76 N<\/strong>), Kalvag, Vassdalen, Hardbakke, Ongeltveitsj\u00f6en, Bekkjarvik, Uggdalseidet, Os\u00f6yro, Kolbeinshavn, Fitjar, Espevaer, R\u00f6vaer, Skudeneshavn, Helg\u00f6ysund, Utsteinkloster, Tananger, Egersund, Hidra, Thybor\u00f6n, Hvide Sande, List, Meldorf<\/p>\n\n\n\n<p><strong>2009&nbsp;&nbsp; 26.07. \u2013 25.08.&nbsp;&nbsp; &nbsp;876 Meilen&nbsp; Hanseat Kielschwerter<\/strong><\/p>\n\n\n\n<p>Meldorf, Hvide Sande, Lillesand, Arendal, <strong>Ris\u00f6r<\/strong>, Jomfruland, Ula, Hvasser, Skaerhollen, Koster, Havstensund, Sm\u00f6gen, Moll\u00f6sund, Marstrand, Anholt, Grenaa, Ballen, Kerteminde, Lundeborg, Drej\u00f6, Kappeln, Kiel, Rendsburg, Cuxhaven, Meldorf<\/p>\n\n\n\n<p><strong>2010&nbsp;&nbsp; 09.07. \u2013 22.08.&nbsp;&nbsp; 1524 Meilen&nbsp;&nbsp; Vauquiez Hood 38<\/strong><\/p>\n\n\n\n<p>Meldorf, Zingst, Barth, Vitte, Dar\u00dfer Ort, Warnem\u00fcnde, Gr\u00f6nh\u00f6gen, Visby, Nyn\u00e4shamn, Ut\u00f6, Fj\u00e4rdlang, Dalar\u00f6, Sandhamn, Getfoten, <strong>Stockholm<\/strong>, Mariefred, S\u00f6dert\u00e4lje, Skansholmen, \u00d6xel\u00f6sund, Fyrudden, Spar\u00f6, Figeholmen, Revsudden, Bergkava, Allinge, Smygehamn, Klintholm, Gedser, Orth, Kiel, Brunsb\u00fcttel, B\u00fcsum, Meldorf<\/p>\n\n\n\n<p><strong>2011&nbsp;&nbsp; 02.07. \u2013 11.09.&nbsp;&nbsp; 2610 Meilen&nbsp;&nbsp; <a>Nissen 37DS<\/a><\/strong><\/p>\n\n\n\n<p>B\u00fcsum, Helgoland, Scheveningen, Zeebr\u00fcgge, Dunkerque, Eastbourne, Portsmouth, Beaulieu River, Limington, Mevagissey, Falmouth, Mousehole, Hugh Town (Scillies), Youghal, Cork, Kinsale, Courtmacsherry, Glandore, Ballycotton, Dungarvan, Kilmore Quay, Arklow, Dublin, Dun Laoghaire, Carlingfort Lough, Douglas (IOM), Portpatrick, Glenarm, Port Ellen (Islay), Jura Hotel, Caolas Ellanbeich, Tobermory, Barra, Loch Maddy (North Uist), <strong>Stornoway<\/strong>, Kinlochbervie, Scrabster, Kirkwall (Orkneys), Wick, Fraserburgh, Peterhead, Aberdeen, Montrose, St. Andrews, Eyemouth, Meldorf<\/p>\n\n\n\n<p><strong>2012&nbsp;&nbsp; 29.05. \u2013 06.09.&nbsp;&nbsp; 4994 Meilen&nbsp;&nbsp; Nissen 37DS<\/strong><\/p>\n\n\n\n<p>Meldorf, Helgoland, Den Helder, Oostende, Eastbourne, Carmaret sur Mer, Camarinas, Cascais\/Estoril, Lagos, Cabo de Santa Maria, Vila Real de Santo Antonio, Mazagon, Cadiz, Barbate, Mohammedia (Casablanca), Al Jadida, Essaouira, <strong>Agadir<\/strong>, Puerto Calero (<strong>Lanzarote<\/strong>), Puerto del Castillo (<strong>Fuerteventura<\/strong>), Puerto de Morro Jable, Las Palmas (<strong>Gran Canaria<\/strong>), Rubicon (Lanzarote), Calheta (<strong>Madeira<\/strong>), Punta Delgada (<strong>Azoren<\/strong>), Guernsey, Helgoland, Meldorf<\/p>\n\n\n\n<p><strong>2013 &nbsp;&nbsp;28.05. \u2013 12.08.&nbsp;&nbsp; 2863 Meilen&nbsp;&nbsp; Nissen 37DS<\/strong><\/p>\n\n\n\n<p>B\u00fcsum, Egersund, Kvits\u00f6y, Skudeneshavn, Haugesund, Lervik (Shetland), Torshavn (F\u00e4roer), Heimaey (<strong>Island<\/strong>), Reykjavik, Heimaey, Vestmanhavn (F\u00e4roer), Torshavn, Kirkwall, Wick, Peterhead, Edinburgh, Eyemouth, Lindisfarne, Amble, Helgoland, Meldorf<\/p>\n\n\n\n<p><strong>2014&nbsp;&nbsp; 24.05. \u2013 28.08.&nbsp;&nbsp; 3558 Meilen&nbsp;&nbsp; Nissen 37DS<\/strong><\/p>\n\n\n\n<p>Meldorf, Rekefjord, Haugesund, Kleppvik, Nara, Herland, Tenneb\u00f6, R\u00f6rvik, Reine (Lofoten), Svolvaer, Ris\u00f6yhamn, Troms\u00f6, Langsundet, Hasvik, Hammerfest, Hav\u00f6ysundet, Skarsvag (Nordkap), Mehamn, Berlevag, Batsfjord, Vard\u00f6, <strong>Kirkenes<\/strong>, Ytre Kiberg, Kongsfjord, Gamvik, Gjesvaer (<strong>Nordkap<\/strong>), Burstad, Loerrisfjord, Bergsfjord, Arn\u00f6yhamn, Troms\u00f6, Gibostad, Engenes, Harstad, Ramsund, Tranoya, Tran\u00f6, Flagsundet, Helnessund, Bod\u00f6, Nusfjord (Lofoten), Vaeroy, R\u00f6st, S\u00f6rfugloya, St\u00f6tt, Svartisen Gletscher, Engen, Nesna, Eggeloya, Igeroy, Berg, Leka, Abelvaer, Sandvikberget, Stokkoy, Trondheim, Kristiansund, Krakholmen, Gj\u00f6sundet, Geiranger, Vartdal, Silda, Kalvag, Dingja, Skerjehamn, Feste, Hjellestad, Leirvik, Kopervik, Tananger, Egersund, Lista, Hanstholm, Meldorf<\/p>\n\n\n\n<p><strong>2015&nbsp;&nbsp; 04.06. \u2013 29.08.&nbsp;&nbsp; 3372 Meilen&nbsp; &nbsp;&nbsp;Nissen 37DS<\/strong><\/p>\n\n\n\n<p>Meldorf, Dover, Brighton, Yarmouth (Wight), Falmouth, <strong>La Coruna<\/strong>, Vivero, Ribadeo, Luarca, Gijon, Bilbao, Royan, La Rochelle, St. Martin de Re, Ile de Yeu, Pornichet, Ile de Houat, Belle Ile, Ile de Groix, Concarneau, Quimper, Audierne, Douarnenez, Carmaret-sur-Mer, Brest, St. Marys (Scilly Isles), Milford Haven, Douglas (Isle of Man), Port Ellen (Islay), Craobh Haven, Dunstuffnage, Corpach Sea Lock, Gairlochy (<strong>Caledonian Canal<\/strong>), Fort Augusta, Urquahrt Castle, Inverness, Peterhead, Egersund, Rekefjord, Meldorf&nbsp;<\/p>\n\n\n\n<p><strong>2016&nbsp;&nbsp; 28.05. \u2013 19.08.&nbsp;&nbsp; 2099 Meilen&nbsp;&nbsp; Nissen 37DS<\/strong><\/p>\n\n\n\n<p>Meldorf, Lemvik, Glyng\u00f6re, Limfjord, Hals, Lerkil, Styrs\u00f6, G\u00f6teborg, Kung\u00e4lv, G\u00f6takanal, Dalslandskanal, S\u00f6derk\u00f6ping, H\u00e4vringe, Nyn\u00e4shamn, Stockholmer Sch\u00e4ren, Sandhamn, Saltsj\u00f6baden, Stockholm, Gisslehamn, \u00d6regrund, Umea, Vaasa, Reposaari, Uusikaupunki, <strong>Turku Sch\u00e4ren<\/strong>, Mariehamn, <strong>Aland Inseln<\/strong>, Simrishamn, Orth, Kiel, Cuxhaven, Meldorf<\/p>\n\n\n\n<p><strong>2017&nbsp;&nbsp; 28.05. \u2013 27.08.&nbsp;&nbsp; 3149 Meilen&nbsp;&nbsp; Nissen 37DS<\/strong><\/p>\n\n\n\n<p>Meldorf, Scheveningen, Boulogne sur Mer, Eastbourne, Yarmouth (Wight), Poole, Falmouth, Helford River, Penzance, Scilly Isles, Kilmore Quay, Arklow, Greystones, Howth (Dublin), Baltimore Harbour, Crookhaven, Knight\u2019s Town, Dingle, Smerwick Harbour, Kilbaha Bay (Shannon), Kilronan, Galway, Rossaveal, Rounstone, Achill Sound, Blacksod Bay, Killala, Teelin, Burtonport, Bangor (Belfast), <strong>Rund<\/strong> <strong>Irland<\/strong>, Glenarm, Port Ellen (Islay), Gigha, Oban, Tobermory, Ornsay Habour, Portree, Hebriden, Loch Inver, Kinlochbervie, Scrabster, Pentland Firth, Kirkwall, Egersund, Meldorf<\/p>\n\n\n\n<p><strong>2018&nbsp;&nbsp; 28.05. \u2013 21.08.&nbsp;&nbsp; 2615 Meilen &nbsp;&nbsp;&nbsp;Nissen 37DS<\/strong><\/p>\n\n\n\n<p>Meldorf, Lowestoft, Harwich, Ipswich, Walton Blackwaters, Burnham on Crouch, Gillingham, Queenborough, London Tower Brigde, St. Katherine Docks, Isle of Sheppay, Ramsgate, Dover, Eastbourne, Brighton, Portsmouth, Weymouth, Dartmouth, Salcombe, Yealm, Plymouth, Fowey, Falmouth, St. Mawes, Newlyn, St. Michael\u2019s Mount, St. Ives, Padstow, Cardiff, Bristol, Swansea, Tenby, Milford Haven, Skomer Island, Fishguard, Aberystwyth, Caernarfon, <strong>Menai Strait, Douglas\/IoM, Dublin<\/strong> Malahide, Greystones, Arklow, Newlynn, Falmouth, Yarmouth\/IoW, Gosport, Eastbourne, Ramsgate, Meldorf<\/p>\n\n\n\n<p><strong>2019&nbsp;&nbsp; 28.05. \u2013 26.08.&nbsp;&nbsp; 2527 Meilen &nbsp;&nbsp;Nissen 37DS<\/strong><\/p>\n\n\n\n<p>B\u00fcsum, Hvide Sande, Rekefjord, Haugesund, Her\u00f6sund, Bergen, Fedje, Haerland, Flor\u00f6, Mal\u00f6y, Kvalsund, Alesund, Midsund, Budhamn, Kristiansund, Bukta, Brekstad, Trondheim, Hasselvika, Sandnesv\u00e4gen, Stoksund, Seterv\u00e4gen, R\u00f6rvik, Leka, Br\u00f6nn\u00f6ysund, Ylvingen, Tj\u00f6tta, Sandnessj\u00f6en, On\u00f6y, Sels\u00f6yvik, V\u00e4gaholmen, Svartisen Gletscher, St\u00f6tt, S\u00f6rarn\u00f6y, Bod\u00f6, Vaer\u00f6y, R\u00f6st\/<strong>Lofoten<\/strong>, Bolga, Klockergarden, Lovund, D\u00f6nna, Tj\u00f6tta, Br\u00f6nn\u00f6ysund, Berg, Eidshaug, Smavaeret, Hongsand, Lys\u00f6ysundet, Hasselvika, Vanvikan, Hommelvik\/Trondheim, Selva, Hellandsj\u00f6en, Kristiansund, Bj\u00f6rnsund, Alesund, Honningsvagen, Silda, Flor\u00f6, Dingja, Feste, Bergen, Kolbeinshamn, Haugesund, Skudeneshavn, B\u00fcsum<\/p>\n\n\n\n<p><strong>2020&nbsp;&nbsp; Corona&nbsp;&nbsp; 600 Meilen in der Deutschen Bucht<\/strong><\/p>\n\n\n\n<p><strong>2021&nbsp;&nbsp; Corona&nbsp; 700 Meilen in der Deutschen Bucht<\/strong><\/p>\n\n\n\n<p><strong>2022&nbsp; 1500 Meilen&nbsp; Niederlande, Belgien, Frankreich, England<\/strong><\/p>\n\n\n\n<p>Ingo H\u00e4seler<\/p>\n","protected":false},"excerpt":{"rendered":"<p>Logbuch der Tertius IV 2013 Ansegeln 2013 T\u00f6rnbericht von Esther u. Maik: Die au\u00dfergew\u00f6hnlichen Flitterwochen Klaus Gehrungs Erfahrungen als Hobbybootsbauer Anhinga zu Besuch in B\u00fcsum Reisen mit der Sanssouci von Erich Clau\u00dfen 1983 bis 2001 S\u00f6nke K\u00e4hler segelte auf der &#8222;Diva&#8220; um den Admirals Cup 1985 Pl\u00e4doyer Gezeit &nbsp; Reisen von Ingo T\u00f6rns 2005 \u2013<\/p>\n","protected":false},"author":5,"featured_media":0,"parent":0,"menu_order":40,"comment_status":"closed","ping_status":"closed","template":"","meta":{"footnotes":""},"class_list":["post-81","page","type-page","status-publish","hentry"],"_links":{"self":[{"href":"https:\/\/www.bsv-buesum.de\/index.php?rest_route=\/wp\/v2\/pages\/81","targetHints":{"allow":["GET"]}}],"collection":[{"href":"https:\/\/www.bsv-buesum.de\/index.php?rest_route=\/wp\/v2\/pages"}],"about":[{"href":"https:\/\/www.bsv-buesum.de\/index.php?rest_route=\/wp\/v2\/types\/page"}],"author":[{"embeddable":true,"href":"https:\/\/www.bsv-buesum.de\/index.php?rest_route=\/wp\/v2\/users\/5"}],"replies":[{"embeddable":true,"href":"https:\/\/www.bsv-buesum.de\/index.php?rest_route=%2Fwp%2Fv2%2Fcomments&post=81"}],"version-history":[{"count":23,"href":"https:\/\/www.bsv-buesum.de\/index.php?rest_route=\/wp\/v2\/pages\/81\/revisions"}],"predecessor-version":[{"id":2123,"href":"https:\/\/www.bsv-buesum.de\/index.php?rest_route=\/wp\/v2\/pages\/81\/revisions\/2123"}],"wp:attachment":[{"href":"https:\/\/www.bsv-buesum.de\/index.php?rest_route=%2Fwp%2Fv2%2Fmedia&parent=81"}],"curies":[{"name":"wp","href":"https:\/\/api.w.org\/{rel}","templated":true}]}}