{"id":8,"date":"2012-04-05T11:10:03","date_gmt":"2012-04-05T11:10:03","guid":{"rendered":"http:\/\/bsv.panther\/?page_id=8"},"modified":"2024-11-11T19:49:35","modified_gmt":"2024-11-11T19:49:35","slug":"seite1","status":"publish","type":"page","link":"https:\/\/www.bsv-buesum.de\/?page_id=8","title":{"rendered":"Verein"},"content":{"rendered":"<p><span style=\"color: #000040; font-family: Arial;\"><em><strong>Der B\u00fcsumer Seglerverein<br \/>\n<\/strong><\/em>gegr\u00fcndet 05.02.1961<\/span><\/p>\n<p style=\"text-align: center;\"><a href=\"http:\/\/www.bsv-buesum.de\/wp-content\/uploads\/P10007211.jpg\"><img loading=\"lazy\" decoding=\"async\" class=\"size-large wp-image-391 aligncenter\" title=\"Seglerhafen 2012\" src=\"http:\/\/www.bsv-buesum.de\/wp-content\/uploads\/P10007211-1024x768.jpg\" alt=\"\" width=\"600\" height=\"450\" srcset=\"https:\/\/www.bsv-buesum.de\/wp-content\/uploads\/P10007211-1024x768.jpg 1024w, https:\/\/www.bsv-buesum.de\/wp-content\/uploads\/P10007211-300x225.jpg 300w\" sizes=\"auto, (max-width: 600px) 100vw, 600px\" \/><\/a><\/p>\n<p><span style=\"font-family: Arial;\"><strong>Anschrift:<\/strong><br \/>\nB\u00fcsumer Seglerverein e.V.<br \/>\nHeunernest 18<br \/>\n25761 WESTERDEICHSTRICH<br \/>\nTel. 04834 &#8211; 4936<\/span><\/p>\n<p>E-Mail:<a class=\"moz-txt-link-abbreviated\" href=\"mailto:1.vorsitzende-r@bsv-buesum.de\">1.Vorsitzende-R@bsv-buesum.de<\/a><\/p>\n<p><span style=\"font-family: Arial;\">von April bis September auch \u00fcber das Hafenb\u00fcro:<br \/>\nSegelt\u00f6rn 22<br \/>\n25761 B\u00dcSUM<br \/>\nTel. 04834\/2997<\/span><\/p>\n<p><iframe loading=\"lazy\" src=\"http:\/\/maps.google.de\/maps?f=q&amp;source=s_q&amp;hl=de&amp;geocode=&amp;q=Segelt%C3%B6rn+22,+B%C3%BCsum&amp;aq=&amp;sll=54.122916,8.864422&amp;sspn=0.002314,0.004823&amp;t=h&amp;ie=UTF8&amp;hq=&amp;hnear=Segelt%C3%B6rn+22&amp;ll=54.123495,8.864486&amp;spn=0.003018,0.006856&amp;z=17&amp;iwloc=A&amp;output=embed\" width=\"640\" height=\"480\" frameborder=\"0\" marginwidth=\"0\" marginheight=\"0\" scrolling=\"no\"><\/iframe><br \/>\n<small><a style=\"color: #0000ff; text-align: left;\" href=\"http:\/\/maps.google.de\/maps?f=q&amp;source=embed&amp;hl=de&amp;geocode=&amp;q=Segelt%C3%B6rn+22,+B%C3%BCsum&amp;aq=&amp;sll=54.122916,8.864422&amp;sspn=0.002314,0.004823&amp;t=h&amp;ie=UTF8&amp;hq=&amp;hnear=Segelt%C3%B6rn+22&amp;ll=54.123495,8.864486&amp;spn=0.003018,0.006856&amp;z=17&amp;iwloc=A\">Gr\u00f6\u00dfere Kartenansicht<\/a><\/small><\/p>\n","protected":false},"excerpt":{"rendered":"<p>Der B\u00fcsumer Seglerverein gegr\u00fcndet 05.02.1961 Anschrift: B\u00fcsumer Seglerverein e.V. Heunernest 18 25761 WESTERDEICHSTRICH Tel. 04834 &#8211; 4936 E-Mail:1.Vorsitzende-R@bsv-buesum.de von April bis September auch \u00fcber das Hafenb\u00fcro: Segelt\u00f6rn 22 25761 B\u00dcSUM Tel. 04834\/2997 Gr\u00f6\u00dfere Kartenansicht<\/p>\n","protected":false},"author":5,"featured_media":0,"parent":0,"menu_order":1,"comment_status":"closed","ping_status":"closed","template":"","meta":{"footnotes":""},"class_list":["post-8","page","type-page","status-publish","hentry"],"_links":{"self":[{"href":"https:\/\/www.bsv-buesum.de\/index.php?rest_route=\/wp\/v2\/pages\/8","targetHints":{"allow":["GET"]}}],"collection":[{"href":"https:\/\/www.bsv-buesum.de\/index.php?rest_route=\/wp\/v2\/pages"}],"about":[{"href":"https:\/\/www.bsv-buesum.de\/index.php?rest_route=\/wp\/v2\/types\/page"}],"author":[{"embeddable":true,"href":"https:\/\/www.bsv-buesum.de\/index.php?rest_route=\/wp\/v2\/users\/5"}],"replies":[{"embeddable":true,"href":"https:\/\/www.bsv-buesum.de\/index.php?rest_route=%2Fwp%2Fv2%2Fcomments&post=8"}],"version-history":[{"count":33,"href":"https:\/\/www.bsv-buesum.de\/index.php?rest_route=\/wp\/v2\/pages\/8\/revisions"}],"predecessor-version":[{"id":2522,"href":"https:\/\/www.bsv-buesum.de\/index.php?rest_route=\/wp\/v2\/pages\/8\/revisions\/2522"}],"wp:attachment":[{"href":"https:\/\/www.bsv-buesum.de\/index.php?rest_route=%2Fwp%2Fv2%2Fmedia&parent=8"}],"curies":[{"name":"wp","href":"https:\/\/api.w.org\/{rel}","templated":true}]}}