{"id":734,"date":"2013-05-31T19:04:47","date_gmt":"2013-05-31T19:04:47","guid":{"rendered":"http:\/\/www.bsv-buesum.de\/?page_id=734"},"modified":"2013-07-04T20:09:05","modified_gmt":"2013-07-04T20:09:05","slug":"ansegeln-2013","status":"publish","type":"page","link":"https:\/\/www.bsv-buesum.de\/?page_id=734","title":{"rendered":"Ansegeln 2013"},"content":{"rendered":"<p><a href=\"http:\/\/www.bsv-buesum.de\/wp-content\/uploads\/ansegeln1.jpg\"><img loading=\"lazy\" decoding=\"async\" class=\"alignleft  wp-image-735\" style=\"margin: 10px;\" title=\"Ansegeln\" src=\"http:\/\/www.bsv-buesum.de\/wp-content\/uploads\/ansegeln1-300x225.jpg\" alt=\"\" width=\"270\" height=\"203\" srcset=\"https:\/\/www.bsv-buesum.de\/wp-content\/uploads\/ansegeln1-300x225.jpg 300w, https:\/\/www.bsv-buesum.de\/wp-content\/uploads\/ansegeln1-1024x768.jpg 1024w\" sizes=\"auto, (max-width: 270px) 100vw, 270px\" \/><\/a>Am 5. Mai war es wieder soweit. Die Steganlage war im Wasser und die Boote wieder in ihrem Element. Zusammen mit dem MSV haben wir die Saison 2013 mit dem Ansegeln er\u00f6ffnet.<\/p>\n<p>Unser 3. Vorsitzender Jens begr\u00fc\u00dfte um 11Uhr 30 die erschienenen Mitglieder des BSV.<\/p>\n<p>Um 12 Uhr trafen wir uns vor der Mole mit den teilnehmenden Booten vom MSV und segelten gemeinsam Richtung Tertiussand.<\/p>\n<p>Bei leichtem Wind und Sonnenschein segelten die 18 Yachten um die Wette. Anschlie\u00dfend trafen wir uns alle in unserem Clubhaus um gemeinsam bei einem Mittagessen sowie Kaffee und Kuchen ein gem\u00fctliches Zusammensein zu erleben. Unser neuer Freisitz, der zum Grillen, Schnacken, Trinken und Feiern einl\u00e4dt, wurde an diesem Tag auch von unseren Meldorfer G\u00e4sten gerne angenommen.<\/p>\n<p>&nbsp;<\/p>\n<p><img loading=\"lazy\" decoding=\"async\" class=\"alignright  wp-image-736\" style=\"margin: 10px;\" title=\"Ansegeln\" src=\"http:\/\/www.bsv-buesum.de\/wp-content\/uploads\/ansegeln2-300x225.jpg\" alt=\"\" width=\"270\" height=\"203\" srcset=\"https:\/\/www.bsv-buesum.de\/wp-content\/uploads\/ansegeln2-300x225.jpg 300w, https:\/\/www.bsv-buesum.de\/wp-content\/uploads\/ansegeln2-1024x768.jpg 1024w\" sizes=\"auto, (max-width: 270px) 100vw, 270px\" \/>Nach dem Essen richtete der 3. Vor-sitzende des BSV Jens sowie der Vorsitzende des MSV Thomas ein paar Worte an alle Teilnehmer und w\u00fcnschten eine gute Segelsaison 2013. Der MSV lud zum Absegeln zu sich, im Herbst, nach Meldorf ein.<\/p>\n<p>Durch unsere Segelkameradin Hildegunde, die sich wie jedes Jahr eine wundersch\u00f6ne kreative Arbeit ausgedacht hatte, um die Preise phantasievoll zu gestalten, konnten drei Gewinner per Los ermittelt werden.<\/p>\n<p>&nbsp;<\/p>\n<p><img loading=\"lazy\" decoding=\"async\" class=\"alignleft  wp-image-737\" style=\"margin: 10px;\" title=\"Ansegeln\" src=\"http:\/\/www.bsv-buesum.de\/wp-content\/uploads\/ansegeln3-300x225.jpg\" alt=\"\" width=\"270\" height=\"203\" srcset=\"https:\/\/www.bsv-buesum.de\/wp-content\/uploads\/ansegeln3-300x225.jpg 300w, https:\/\/www.bsv-buesum.de\/wp-content\/uploads\/ansegeln3-1024x768.jpg 1024w\" sizes=\"auto, (max-width: 270px) 100vw, 270px\" \/>Die Segelkameradinnen Gesa und Feli sorgten dieses mal f\u00fcr unser leibliches Wohl und kamen mit dem Kaffee kochen nicht nach&#8230;<\/p>\n<p>Alle sa\u00dfen noch gem\u00fctlich beisammen und lie\u00dfen den Nachmittag ausklingen.<\/p>\n<p>&nbsp;<\/p>\n<p>&nbsp;<\/p>\n<p>&nbsp;<\/p>\n<p>&nbsp;<\/p>\n<p><a title=\"Album Ansegeln 2013\" href=\"http:\/\/opa.cig2.canon-europe.com\/s\/m\/album\/G2AVNN53cpv\" target=\"_blank\">Alle Bilder gibt es hier zu sehen<\/a><\/p>\n<p>Felicitas und Daniel<\/p>\n","protected":false},"excerpt":{"rendered":"<p>Am 5. Mai war es wieder soweit. Die Steganlage war im Wasser und die Boote wieder in ihrem Element. Zusammen mit dem MSV haben wir die Saison 2013 mit dem Ansegeln er\u00f6ffnet. Unser 3. Vorsitzender Jens begr\u00fc\u00dfte um 11Uhr 30 die erschienenen Mitglieder des BSV. Um 12 Uhr trafen wir uns vor der Mole mit<\/p>\n","protected":false},"author":5,"featured_media":0,"parent":81,"menu_order":47,"comment_status":"closed","ping_status":"closed","template":"","meta":{"footnotes":""},"class_list":["post-734","page","type-page","status-publish","hentry"],"_links":{"self":[{"href":"https:\/\/www.bsv-buesum.de\/index.php?rest_route=\/wp\/v2\/pages\/734","targetHints":{"allow":["GET"]}}],"collection":[{"href":"https:\/\/www.bsv-buesum.de\/index.php?rest_route=\/wp\/v2\/pages"}],"about":[{"href":"https:\/\/www.bsv-buesum.de\/index.php?rest_route=\/wp\/v2\/types\/page"}],"author":[{"embeddable":true,"href":"https:\/\/www.bsv-buesum.de\/index.php?rest_route=\/wp\/v2\/users\/5"}],"replies":[{"embeddable":true,"href":"https:\/\/www.bsv-buesum.de\/index.php?rest_route=%2Fwp%2Fv2%2Fcomments&post=734"}],"version-history":[{"count":8,"href":"https:\/\/www.bsv-buesum.de\/index.php?rest_route=\/wp\/v2\/pages\/734\/revisions"}],"predecessor-version":[{"id":765,"href":"https:\/\/www.bsv-buesum.de\/index.php?rest_route=\/wp\/v2\/pages\/734\/revisions\/765"}],"up":[{"embeddable":true,"href":"https:\/\/www.bsv-buesum.de\/index.php?rest_route=\/wp\/v2\/pages\/81"}],"wp:attachment":[{"href":"https:\/\/www.bsv-buesum.de\/index.php?rest_route=%2Fwp%2Fv2%2Fmedia&parent=734"}],"curies":[{"name":"wp","href":"https:\/\/api.w.org\/{rel}","templated":true}]}}