{"id":43,"date":"2012-04-25T20:50:55","date_gmt":"2012-04-25T20:50:55","guid":{"rendered":"http:\/\/www.bsv-buesum.de\/?page_id=43"},"modified":"2026-03-31T12:09:17","modified_gmt":"2026-03-31T12:09:17","slug":"vorstand","status":"publish","type":"page","link":"https:\/\/www.bsv-buesum.de\/?page_id=43","title":{"rendered":"Vorstand"},"content":{"rendered":"\n<div class=\"wp-block-group is-nowrap is-layout-flex wp-container-core-group-is-layout-ad2f72ca wp-block-group-is-layout-flex\">\n<figure class=\"wp-block-table\"><table><tbody><tr><td><strong>Er<span style=\"color: #000040; font-family: Arial;\">ster Vorsitzender<\/span><\/strong> <br><img loading=\"lazy\" decoding=\"async\" width=\"150\" height=\"173\" class=\"wp-image-2820\" style=\"width: 150px;\" src=\"http:\/\/www.bsv-buesum.de\/wp-content\/uploads\/20260218-_SOE4673-scaled.jpg\" alt=\"\" srcset=\"https:\/\/www.bsv-buesum.de\/wp-content\/uploads\/20260218-_SOE4673-scaled.jpg 2220w, https:\/\/www.bsv-buesum.de\/wp-content\/uploads\/20260218-_SOE4673-260x300.jpg 260w, https:\/\/www.bsv-buesum.de\/wp-content\/uploads\/20260218-_SOE4673-888x1024.jpg 888w, https:\/\/www.bsv-buesum.de\/wp-content\/uploads\/20260218-_SOE4673-768x886.jpg 768w, https:\/\/www.bsv-buesum.de\/wp-content\/uploads\/20260218-_SOE4673-1332x1536.jpg 1332w, https:\/\/www.bsv-buesum.de\/wp-content\/uploads\/20260218-_SOE4673-1776x2048.jpg 1776w\" sizes=\"auto, (max-width: 150px) 100vw, 150px\" \/><br><br>Klaus B\u00f6hlke<p><br>Heunernest 18<br><br>25761 WESTERDEICHSTRICH<\/p> <p><span style=\"font-family: Arial;\">Tel: 04834 &#8211; 4936<br><br>Email: <\/span><\/p><a href=\"mailto:1.vorsitzende-r@bsv-buesum.de\">1.Vorsitzende-R@bsv-buesum.de<\/a> <p>B\u00fcro Vorstand Festnetz: 04834 9679530<\/p> <p>Jeden Dienstag von 10.00 bis 12.00 Uhr ist das B\u00fcro besetzt<\/p><\/td><td><\/td><\/tr><tr><td><strong><span style=\"color: #000040; font-family: Arial;\">Zweite Vorsitzende<\/span><\/strong> <br><img loading=\"lazy\" decoding=\"async\" width=\"150\" height=\"166\" class=\"wp-image-2822\" style=\"width: 150px;\" src=\"http:\/\/www.bsv-buesum.de\/wp-content\/uploads\/20260218-_SOE4685-scaled.jpg\" alt=\"\" srcset=\"https:\/\/www.bsv-buesum.de\/wp-content\/uploads\/20260218-_SOE4685-scaled.jpg 2319w, https:\/\/www.bsv-buesum.de\/wp-content\/uploads\/20260218-_SOE4685-272x300.jpg 272w, https:\/\/www.bsv-buesum.de\/wp-content\/uploads\/20260218-_SOE4685-928x1024.jpg 928w, https:\/\/www.bsv-buesum.de\/wp-content\/uploads\/20260218-_SOE4685-768x848.jpg 768w, https:\/\/www.bsv-buesum.de\/wp-content\/uploads\/20260218-_SOE4685-1391x1536.jpg 1391w, https:\/\/www.bsv-buesum.de\/wp-content\/uploads\/20260218-_SOE4685-1855x2048.jpg 1855w\" sizes=\"auto, (max-width: 150px) 100vw, 150px\" \/><br><p>Stefanie Sterrenberg<br> Auf der Greth 13<br> 25761 WARWERORT<\/p><\/td><td><\/td><\/tr><tr><td><strong><span style=\"font-family: Arial;\">Dritter Vorsitzender<\/span><\/strong> <br><img loading=\"lazy\" decoding=\"async\" width=\"150\" height=\"143\" class=\"wp-image-2841\" style=\"width: 150px;\" src=\"http:\/\/www.bsv-buesum.de\/wp-content\/uploads\/20200625-DSC01531-1-scaled.jpg\" alt=\"\" srcset=\"https:\/\/www.bsv-buesum.de\/wp-content\/uploads\/20200625-DSC01531-1-scaled.jpg 2560w, https:\/\/www.bsv-buesum.de\/wp-content\/uploads\/20200625-DSC01531-1-300x285.jpg 300w, https:\/\/www.bsv-buesum.de\/wp-content\/uploads\/20200625-DSC01531-1-1024x973.jpg 1024w, https:\/\/www.bsv-buesum.de\/wp-content\/uploads\/20200625-DSC01531-1-768x730.jpg 768w, https:\/\/www.bsv-buesum.de\/wp-content\/uploads\/20200625-DSC01531-1-1536x1459.jpg 1536w, https:\/\/www.bsv-buesum.de\/wp-content\/uploads\/20200625-DSC01531-1-2048x1946.jpg 2048w\" sizes=\"auto, (max-width: 150px) 100vw, 150px\" \/><br><p>Thomas Menz<br> M\u00fchlenstr. 21<br> 25764 NORDDEICH<\/p><\/td><td><\/td><\/tr><tr><td><strong><span style=\"color: #000040; font-family: Arial;\">Schriftwartin<\/span><\/strong> <br><img loading=\"lazy\" decoding=\"async\" width=\"150\" height=\"216\" class=\"wp-image-2823\" style=\"width: 150px;\" src=\"http:\/\/www.bsv-buesum.de\/wp-content\/uploads\/20260218-_SOE4657-scaled.jpg\" alt=\"\" srcset=\"https:\/\/www.bsv-buesum.de\/wp-content\/uploads\/20260218-_SOE4657-scaled.jpg 1778w, https:\/\/www.bsv-buesum.de\/wp-content\/uploads\/20260218-_SOE4657-208x300.jpg 208w, https:\/\/www.bsv-buesum.de\/wp-content\/uploads\/20260218-_SOE4657-711x1024.jpg 711w, https:\/\/www.bsv-buesum.de\/wp-content\/uploads\/20260218-_SOE4657-768x1106.jpg 768w, https:\/\/www.bsv-buesum.de\/wp-content\/uploads\/20260218-_SOE4657-1067x1536.jpg 1067w, https:\/\/www.bsv-buesum.de\/wp-content\/uploads\/20260218-_SOE4657-1423x2048.jpg 1423w\" sizes=\"auto, (max-width: 150px) 100vw, 150px\" \/><br><p>Telse D\u00f6rscher<\/p> Email: <p><a href=\"mailto:schriftwart-in@bsv-buesum.de\">schriftwart-in@bsv-buesum.de<\/a><\/p><\/td><td><\/td><\/tr><tr><td><strong><span style=\"color: #000040; font-family: Arial;\">Kassenwart<\/span><\/strong> <br><img loading=\"lazy\" decoding=\"async\" width=\"150\" height=\"143\" class=\"wp-image-2824\" style=\"width: 150px;\" src=\"http:\/\/www.bsv-buesum.de\/wp-content\/uploads\/20260218-_SOE4720-scaled.jpg\" alt=\"\" srcset=\"https:\/\/www.bsv-buesum.de\/wp-content\/uploads\/20260218-_SOE4720-scaled.jpg 2560w, https:\/\/www.bsv-buesum.de\/wp-content\/uploads\/20260218-_SOE4720-300x287.jpg 300w, https:\/\/www.bsv-buesum.de\/wp-content\/uploads\/20260218-_SOE4720-1024x978.jpg 1024w, https:\/\/www.bsv-buesum.de\/wp-content\/uploads\/20260218-_SOE4720-768x734.jpg 768w, https:\/\/www.bsv-buesum.de\/wp-content\/uploads\/20260218-_SOE4720-1536x1467.jpg 1536w, https:\/\/www.bsv-buesum.de\/wp-content\/uploads\/20260218-_SOE4720-2048x1956.jpg 2048w\" sizes=\"auto, (max-width: 150px) 100vw, 150px\" \/><br><p>S\u00f6nke Dorn<br><br>Heider Stra\u00dfe 1<br><br>25761 B\u00dcSUM<\/p><p>Email:<\/p> <a href=\"mailto:kassenwart-in@bsv-buesum.de\">kassenwart-in@bsv-buesum.de<\/a><br><br>Mobil:<br>01722302979<br><\/td><td><\/td><\/tr><tr><td><strong><span style=\"color: #000040; font-family: Arial;\">Jugendwart<\/span>in<\/strong><br><img loading=\"lazy\" decoding=\"async\" width=\"150\" height=\"249\" class=\"wp-image-2857\" style=\"width: 150px;\" src=\"http:\/\/www.bsv-buesum.de\/wp-content\/uploads\/IMG_6397-1.jpg\" alt=\"\" srcset=\"https:\/\/www.bsv-buesum.de\/wp-content\/uploads\/IMG_6397-1.jpg 884w, https:\/\/www.bsv-buesum.de\/wp-content\/uploads\/IMG_6397-1-181x300.jpg 181w, https:\/\/www.bsv-buesum.de\/wp-content\/uploads\/IMG_6397-1-617x1024.jpg 617w, https:\/\/www.bsv-buesum.de\/wp-content\/uploads\/IMG_6397-1-768x1274.jpg 768w\" sizes=\"auto, (max-width: 150px) 100vw, 150px\" \/><br>Anni R\u00fcbcke<br><br><p>Email:<\/p><br>Telefonischer Kontakt:<br>04834 7253571<br><\/td><td><\/td><\/tr><tr><td><strong>Beisitzer des Vorstandes<\/strong><br><img loading=\"lazy\" decoding=\"async\" width=\"150\" height=\"185\" class=\"wp-image-2835\" style=\"width: 150px;\" src=\"http:\/\/www.bsv-buesum.de\/wp-content\/uploads\/20260218-_SOE4727-scaled.jpg\" alt=\"\" srcset=\"https:\/\/www.bsv-buesum.de\/wp-content\/uploads\/20260218-_SOE4727-scaled.jpg 2074w, https:\/\/www.bsv-buesum.de\/wp-content\/uploads\/20260218-_SOE4727-243x300.jpg 243w, https:\/\/www.bsv-buesum.de\/wp-content\/uploads\/20260218-_SOE4727-830x1024.jpg 830w, https:\/\/www.bsv-buesum.de\/wp-content\/uploads\/20260218-_SOE4727-768x948.jpg 768w, https:\/\/www.bsv-buesum.de\/wp-content\/uploads\/20260218-_SOE4727-1245x1536.jpg 1245w, https:\/\/www.bsv-buesum.de\/wp-content\/uploads\/20260218-_SOE4727-1660x2048.jpg 1660w\" sizes=\"auto, (max-width: 150px) 100vw, 150px\" \/><br>Jens Peters<\/td><td><\/td><\/tr><tr><td><strong>Hallenverwaltung Werftstra\u00dfe<br><\/strong><img loading=\"lazy\" decoding=\"async\" width=\"150\" height=\"147\" class=\"wp-image-2836\" style=\"width: 150px;\" src=\"http:\/\/www.bsv-buesum.de\/wp-content\/uploads\/20260218-_SOE4705-scaled.jpg\" alt=\"\" srcset=\"https:\/\/www.bsv-buesum.de\/wp-content\/uploads\/20260218-_SOE4705-scaled.jpg 2560w, https:\/\/www.bsv-buesum.de\/wp-content\/uploads\/20260218-_SOE4705-300x295.jpg 300w, https:\/\/www.bsv-buesum.de\/wp-content\/uploads\/20260218-_SOE4705-1024x1006.jpg 1024w, https:\/\/www.bsv-buesum.de\/wp-content\/uploads\/20260218-_SOE4705-768x755.jpg 768w, https:\/\/www.bsv-buesum.de\/wp-content\/uploads\/20260218-_SOE4705-1536x1509.jpg 1536w, https:\/\/www.bsv-buesum.de\/wp-content\/uploads\/20260218-_SOE4705-2048x2012.jpg 2048w\" sizes=\"auto, (max-width: 150px) 100vw, 150px\" \/><br><img loading=\"lazy\" decoding=\"async\" width=\"150\" height=\"189\" class=\"wp-image-2840\" style=\"width: 150px;\" src=\"http:\/\/www.bsv-buesum.de\/wp-content\/uploads\/20260218-_SOE4694-1-scaled.jpg\" alt=\"\" srcset=\"https:\/\/www.bsv-buesum.de\/wp-content\/uploads\/20260218-_SOE4694-1-scaled.jpg 2027w, https:\/\/www.bsv-buesum.de\/wp-content\/uploads\/20260218-_SOE4694-1-238x300.jpg 238w, https:\/\/www.bsv-buesum.de\/wp-content\/uploads\/20260218-_SOE4694-1-811x1024.jpg 811w, https:\/\/www.bsv-buesum.de\/wp-content\/uploads\/20260218-_SOE4694-1-768x970.jpg 768w, https:\/\/www.bsv-buesum.de\/wp-content\/uploads\/20260218-_SOE4694-1-1216x1536.jpg 1216w, https:\/\/www.bsv-buesum.de\/wp-content\/uploads\/20260218-_SOE4694-1-1622x2048.jpg 1622w\" sizes=\"auto, (max-width: 150px) 100vw, 150px\" \/><br>Kai Hemkemeyer &#8211; oben im Bild, Lothar K\u00fchn<\/td><td><\/td><\/tr><tr><td><strong><span style=\"color: #000040; font-family: Arial;\">Hafenmeister<\/span><\/strong> <br><img loading=\"lazy\" decoding=\"async\" width=\"150\" height=\"200\" class=\"wp-image-2871\" style=\"width: 150px;\" src=\"http:\/\/www.bsv-buesum.de\/wp-content\/uploads\/IMG-20260319-WA0012-scaled.jpeg\" alt=\"\" srcset=\"https:\/\/www.bsv-buesum.de\/wp-content\/uploads\/IMG-20260319-WA0012-scaled.jpeg 1920w, https:\/\/www.bsv-buesum.de\/wp-content\/uploads\/IMG-20260319-WA0012-225x300.jpeg 225w, https:\/\/www.bsv-buesum.de\/wp-content\/uploads\/IMG-20260319-WA0012-768x1024.jpeg 768w, https:\/\/www.bsv-buesum.de\/wp-content\/uploads\/IMG-20260319-WA0012-1152x1536.jpeg 1152w, https:\/\/www.bsv-buesum.de\/wp-content\/uploads\/IMG-20260319-WA0012-1536x2048.jpeg 1536w\" sizes=\"auto, (max-width: 150px) 100vw, 150px\" \/><br><br>Thomas Ebert-Pfeiffer<br><br><strong>Hafenb\u00fcro: 04834 2997<\/strong><br><br>Besetzt von 09.00 &#8211; 10.00 Uhr<br>&#8230; und von 17.00 &#8211; 18.00 Uhr <p><span style=\"font-family: Arial;\">Tel: 0176 60470235<br><br><\/span><\/p> <p>Email: <a href=\"mailto:hafenmeister@bsv-buesum.de\">hafenmeister@bsv-buesum.de<\/a><\/p><\/td><td><\/td><\/tr><tr><td><strong>Ehrenvorsitzender<\/strong><br><img loading=\"lazy\" decoding=\"async\" width=\"150\" height=\"200\" class=\"wp-image-2839\" style=\"width: 150px;\" src=\"http:\/\/www.bsv-buesum.de\/wp-content\/uploads\/IMG_3149-1-scaled.jpg\" alt=\"\" srcset=\"https:\/\/www.bsv-buesum.de\/wp-content\/uploads\/IMG_3149-1-scaled.jpg 1920w, https:\/\/www.bsv-buesum.de\/wp-content\/uploads\/IMG_3149-1-225x300.jpg 225w, https:\/\/www.bsv-buesum.de\/wp-content\/uploads\/IMG_3149-1-768x1024.jpg 768w, https:\/\/www.bsv-buesum.de\/wp-content\/uploads\/IMG_3149-1-1152x1536.jpg 1152w, https:\/\/www.bsv-buesum.de\/wp-content\/uploads\/IMG_3149-1-1536x2048.jpg 1536w\" sizes=\"auto, (max-width: 150px) 100vw, 150px\" \/><br><br>G\u00fcnter Fennemann<\/td><td><\/td><\/tr><tr><td><strong><span style=\"color: #000040; font-family: Arial;\">\u00c4ltestenrat<\/span><\/strong> und <strong>Pressewart<\/strong><p><br>Hans Bu\u00df<\/p><br><img loading=\"lazy\" decoding=\"async\" width=\"150\" height=\"208\" class=\"wp-image-2826\" style=\"width: 150px;\" src=\"http:\/\/www.bsv-buesum.de\/wp-content\/uploads\/20260218-_SOE4688-scaled.jpg\" alt=\"\" srcset=\"https:\/\/www.bsv-buesum.de\/wp-content\/uploads\/20260218-_SOE4688-scaled.jpg 1850w, https:\/\/www.bsv-buesum.de\/wp-content\/uploads\/20260218-_SOE4688-217x300.jpg 217w, https:\/\/www.bsv-buesum.de\/wp-content\/uploads\/20260218-_SOE4688-740x1024.jpg 740w, https:\/\/www.bsv-buesum.de\/wp-content\/uploads\/20260218-_SOE4688-768x1063.jpg 768w, https:\/\/www.bsv-buesum.de\/wp-content\/uploads\/20260218-_SOE4688-1110x1536.jpg 1110w, https:\/\/www.bsv-buesum.de\/wp-content\/uploads\/20260218-_SOE4688-1480x2048.jpg 1480w\" sizes=\"auto, (max-width: 150px) 100vw, 150px\" \/><p>Thomas S\u00f6rensen, \u00c4ltestenrat und Pressewart<\/p><\/td><td><\/td><\/tr><\/tbody><\/table><\/figure>\n<\/div>\n\n\n\n\n\n<p><\/p>\n\n\n\n<p><\/p>\n","protected":false},"excerpt":{"rendered":"<p>Erster Vorsitzender Klaus B\u00f6hlke Heunernest 18 25761 WESTERDEICHSTRICH Tel: 04834 &#8211; 4936 Email: 1.Vorsitzende-R@bsv-buesum.de B\u00fcro Vorstand Festnetz: 04834 9679530 Jeden Dienstag von 10.00 bis 12.00 Uhr ist das B\u00fcro besetzt Zweite Vorsitzende Stefanie Sterrenberg Auf der Greth 13 25761 WARWERORT Dritter Vorsitzender Thomas Menz M\u00fchlenstr. 21 25764 NORDDEICH Schriftwartin Telse D\u00f6rscher Email: schriftwart-in@bsv-buesum.de Kassenwart S\u00f6nke<\/p>\n","protected":false},"author":5,"featured_media":0,"parent":8,"menu_order":1,"comment_status":"closed","ping_status":"closed","template":"","meta":{"footnotes":""},"class_list":["post-43","page","type-page","status-publish","hentry"],"_links":{"self":[{"href":"https:\/\/www.bsv-buesum.de\/index.php?rest_route=\/wp\/v2\/pages\/43","targetHints":{"allow":["GET"]}}],"collection":[{"href":"https:\/\/www.bsv-buesum.de\/index.php?rest_route=\/wp\/v2\/pages"}],"about":[{"href":"https:\/\/www.bsv-buesum.de\/index.php?rest_route=\/wp\/v2\/types\/page"}],"author":[{"embeddable":true,"href":"https:\/\/www.bsv-buesum.de\/index.php?rest_route=\/wp\/v2\/users\/5"}],"replies":[{"embeddable":true,"href":"https:\/\/www.bsv-buesum.de\/index.php?rest_route=%2Fwp%2Fv2%2Fcomments&post=43"}],"version-history":[{"count":97,"href":"https:\/\/www.bsv-buesum.de\/index.php?rest_route=\/wp\/v2\/pages\/43\/revisions"}],"predecessor-version":[{"id":2872,"href":"https:\/\/www.bsv-buesum.de\/index.php?rest_route=\/wp\/v2\/pages\/43\/revisions\/2872"}],"up":[{"embeddable":true,"href":"https:\/\/www.bsv-buesum.de\/index.php?rest_route=\/wp\/v2\/pages\/8"}],"wp:attachment":[{"href":"https:\/\/www.bsv-buesum.de\/index.php?rest_route=%2Fwp%2Fv2%2Fmedia&parent=43"}],"curies":[{"name":"wp","href":"https:\/\/api.w.org\/{rel}","templated":true}]}}