{"id":364,"date":"2013-02-10T12:40:27","date_gmt":"2013-02-10T12:40:27","guid":{"rendered":"http:\/\/www.bsv-buesum.de\/?page_id=364"},"modified":"2013-03-12T19:21:33","modified_gmt":"2013-03-12T19:21:33","slug":"gruswort-des-1-vorsitzenden-gunter-fennemann","status":"publish","type":"page","link":"https:\/\/www.bsv-buesum.de\/?page_id=364","title":{"rendered":"Gru\u00dfwort des 1. Vorsitzenden G\u00fcnter Fennemann"},"content":{"rendered":"<p>Liebe Vereinsmitglieder,<br \/>\nliebe Freund des B\u00fcsumer Seglervereins e. V.<\/p>\n<p>Der B\u00fcsumer Seglerverein e.V., unser aller BSV, feiert in diesem Jahr seine 50-j\u00e4hrige Vereinsgeschichte.<br \/>\nDiese lange Zeit gibt Anlass, einmal zur\u00fcck zu blicken auf den Beginn im Jahre 1961.<br \/>\nAm 05. Februar 1961 um 20:00 Uhr versammelte sich im Hotel \u201eZur alten Post\u201c in B\u00fcsum eine Interessengruppe von 17 Personen, um einen Segelverein zu gr\u00fcnden, den B\u00fcsumer Seglerverein. Kapit\u00e4n Heinrich L\u00fctje leitete die Besprechung und wurde hierbei durch den damaligen 1. Vorsitzenden des Meldorfer Seglervereins (MSV) \u2013 Dr. Constabel \u2013 unterst\u00fctzt.<br \/>\nBis zu dieser Zeit hatten sich einige Segler dem MSV Meldorf angeschlossen, um eine seglerische Heimat zu haben.<br \/>\nDas Ziel, einen Segelverein in B\u00fcsum zu gr\u00fcnden, wurde somit durch 17 Unterschriften der Anwesenden beschlossen.<br \/>\nIn sehr kurzer Zeit wuchs der Verein schnell; damit wurde der Schritt zur Vereinsgr\u00fcndung best\u00e4tigt. Heute haben wir ca. 200 Mitglieder , davon ca. 70 Aktive.<br \/>\nIn den Anf\u00e4ngen haben die Meldorfer gewaltig mitgeschoben und somit dem Verein ein schnelleres Laufen auf eigenen F\u00fc\u00dfen erm\u00f6glicht. Hierf\u00fcr ein Dankesch\u00f6n an einen Nachbarverein, mit dem wir bis heute in guter Nachbarschaft leben.<br \/>\nDie Liegeplatzsituation hat ebenso wie die gesamte Entwicklung viele Aufs und Nieder erlebt. Zu diesem Thema hat Klaus Gehrung einen Beitrag geliefert.<br \/>\nDie ersten Schwimmstege befanden sich im Hafenbecken 1 und wurden dann \u00fcber das Hafenbecken 3 weiter in das Hafenbecken 4 verbracht.<br \/>\nVerwaltet wurde der gesamte Hafenbetrieb von der Gemeinde B\u00fcsum.<br \/>\nDer heutige BSV mit seinen modernen Steganlagen, Bootshalle und Vereinshaus ist das Ergebnis langj\u00e4hriger Arbeitsdienste und freiwilliger Hilfeleistungen der Mitglieder.<br \/>\nDiese Arbeiten wurden immer ehrenamtlich durchgef\u00fchrt und konnten nur durch Verzicht auf eigene Belange geleistet werden.<br \/>\nDer BSV hat in den letzten acht Jahren nie Stillstand gekannt; immer wieder wurden neue Projekte initiiert mit dem Ziel der Modernisierung, Sicherheit und Arbeitserleichterung.<br \/>\nIm Jahre 2002 waren die Planungen zur neuen, auf dem letzten Stand der Technik gebauten Steganlage abgeschlossen. Sie wurde im Jahre 2003 rechtzeitig zum Saisonbeginn anstelle der Altanlage aufgebaut. Somit hatten die Reparaturarbeiten im Winter bei Eis und Schnee endlich ein Ende. Heute wird die Anlage nach Saisonende auf den vereinseigenen Lagerplatz verbracht und im Fr\u00fchjahr wieder eingefahren.<br \/>\nIm Jahre 2006 kam die Gemeinde auf den BSV zu und machte Eigenbedarf\u00a0 f\u00fcr das Gel\u00e4nde an der Dr. Martin-Bahr Stra\u00dfe geltend. Gleichzeitig war man uns behilflich, einen neuen Standort f\u00fcr das Winterlager unserer Boote zu finden. (vgl. hierzu den Beitrag von SK Lothar K\u00fchn) So konnten wir zu einem akzeptablen Preis die alte B\u00fcsumer Werfthalle mit 2 Krananlagen und gro\u00dfz\u00fcgigem Raum f\u00fcr unsere Jugend direkt im Hafengebiet erwerben. Der Vorteil dieser Bootshalle sind u.a. die kurzen Wege vom Aufslippen zum Winterlagerplatz\u00a0 in der Halle.<br \/>\nAuch danach trat noch keine Ruhe bei den Aktivit\u00e4ten des BSV ein. Dank einer gro\u00dfz\u00fcgigen Spende konnten wir mit der Planung eines neuen Clubhauses beginnen. Auf Wunsch der Mitglieder wurde der bisherige Standort als ideal empfunden und somit von der Mehrheit festgelegt. Im Jahre 2008 wurden die ersten Pl\u00e4ne erstellt und die Baugenehmigung eingeholt.<br \/>\nDie Fundamentarbeiten erwiesen sich problematischer als angenommen. So mussten 14 Rohre gerammt, bewehrt und mit seefestem Beton ausgegossen werden.<br \/>\nDie Grundplatten wurden z\u00fcgig verlegt und danach konnte der Hochbau beginnen.<br \/>\nDie Fertigstellung war f\u00fcr das Jahr 2009 geplant. Termin sowie geplante Kosten konnten eingehalten werden.<br \/>\nHier noch einmal ein Danke an alle Helfer, die uneigenn\u00fctzig mit angepackt haben.<br \/>\nOhne den Einsatz der Mitglieder kann man so ein Projekt nicht verwirklichen.<br \/>\nEin besonderer Dank geht an unseren Seenot-Retter Hans Hackmack, der f\u00fcr uns immer bereit liegt, falls das eintreten sollte, was sich niemand w\u00fcnscht.<br \/>\nDem Verein w\u00fcnsche ich f\u00fcr die Zukunft weitere gute Ideen und tatkr\u00e4ftige Unterst\u00fctzung zum Wohle unserer Jugend und allen, die sich dem Wassersport verbunden f\u00fchlen.<br \/>\nG\u00fcnter Fennemann<br \/>\n1. Vorsitzender<\/p>\n","protected":false},"excerpt":{"rendered":"<p>Liebe Vereinsmitglieder, liebe Freund des B\u00fcsumer Seglervereins e. V. Der B\u00fcsumer Seglerverein e.V., unser aller BSV, feiert in diesem Jahr seine 50-j\u00e4hrige Vereinsgeschichte. Diese lange Zeit gibt Anlass, einmal zur\u00fcck zu blicken auf den Beginn im Jahre 1961. Am 05. Februar 1961 um 20:00 Uhr versammelte sich im Hotel \u201eZur alten Post\u201c in B\u00fcsum eine<\/p>\n","protected":false},"author":5,"featured_media":0,"parent":52,"menu_order":150,"comment_status":"closed","ping_status":"closed","template":"","meta":{"footnotes":""},"class_list":["post-364","page","type-page","status-publish","hentry"],"_links":{"self":[{"href":"https:\/\/www.bsv-buesum.de\/index.php?rest_route=\/wp\/v2\/pages\/364","targetHints":{"allow":["GET"]}}],"collection":[{"href":"https:\/\/www.bsv-buesum.de\/index.php?rest_route=\/wp\/v2\/pages"}],"about":[{"href":"https:\/\/www.bsv-buesum.de\/index.php?rest_route=\/wp\/v2\/types\/page"}],"author":[{"embeddable":true,"href":"https:\/\/www.bsv-buesum.de\/index.php?rest_route=\/wp\/v2\/users\/5"}],"replies":[{"embeddable":true,"href":"https:\/\/www.bsv-buesum.de\/index.php?rest_route=%2Fwp%2Fv2%2Fcomments&post=364"}],"version-history":[{"count":5,"href":"https:\/\/www.bsv-buesum.de\/index.php?rest_route=\/wp\/v2\/pages\/364\/revisions"}],"predecessor-version":[{"id":1447,"href":"https:\/\/www.bsv-buesum.de\/index.php?rest_route=\/wp\/v2\/pages\/364\/revisions\/1447"}],"up":[{"embeddable":true,"href":"https:\/\/www.bsv-buesum.de\/index.php?rest_route=\/wp\/v2\/pages\/52"}],"wp:attachment":[{"href":"https:\/\/www.bsv-buesum.de\/index.php?rest_route=%2Fwp%2Fv2%2Fmedia&parent=364"}],"curies":[{"name":"wp","href":"https:\/\/api.w.org\/{rel}","templated":true}]}}