{"id":30,"date":"2012-04-25T20:21:43","date_gmt":"2012-04-25T20:21:43","guid":{"rendered":"http:\/\/www.bsv-buesum.de\/?page_id=30"},"modified":"2022-05-15T19:08:03","modified_gmt":"2022-05-15T19:08:03","slug":"ansteuerung-und-das-revier","status":"publish","type":"page","link":"https:\/\/www.bsv-buesum.de\/?page_id=30","title":{"rendered":"Ansteuerung"},"content":{"rendered":"<table width=\"684\">\n<tbody>\n<tr>\n<td valign=\"center\" align=\"left\"><span style=\"font-family: Arial;\"><strong>B\u00fcsum<\/strong> (54\u00b0 07,5&#8242; N, 08\u00b0 52,0&#8242; E) liegt am <\/span><span style=\"font-family: Arial;\">Dithmarscher Wattenmeer, genau zwischen der Eider im Norden und der m\u00e4chtigen Elbe im S\u00fcden. Zwei sehr gute, tiefe Fahrwasser f\u00fchren nach B\u00fcsum: die <strong>Norderpiep<\/strong> und die <strong>S\u00fcderpiep<\/strong>. Beide k\u00f6nnen zu jeder Tide befahren werden, bei der Einfahrt in die Norderpiep ist jedoch bei extremem Niedrigwasser Vorsicht geboten wegen einer Sandbarre, die dann nur noch 2-3 m Wassertiefe hat. Ansonsten sind beide Fahrwasser problemlos und die S\u00fcderpiep zudem befeuert. Die S\u00fcderpiep bietet sich an von S\u00fcden und von Helgoland kommend, w\u00e4hrend man die Norderpiep w\u00e4hlen w\u00fcrde, wenn man von Norden, also von der Eider oder aus dem Nordfriesischen Wattenmeer kommt. <\/span><span style=\"font-family: Arial;\">Den <strong>Meldorfer Hafen<\/strong> erreichen Sie \u00fcber ein gut ausgepricktes Fahrwasser, ca. 4 sm nachdem Sie B\u00fcsum passiert haben. Von dort verkehren Busse in die Stadt.<\/span> <span style=\"font-family: Arial;\">Die <strong>Eider<\/strong> bietet sich als Alternative zu Nord-Ostseekanal an, wenn man in die Ostsee will bzw. aus ihr kommt. Sie f\u00fchrt durch die landschaftlich sch\u00f6ne Eider-Treene-Niederung, vorbei an den geschichtstr\u00e4chtigen St\u00e4dten <strong>T\u00f6nning<\/strong> und <strong>Friedrichstadt<\/strong>. Die Eider m\u00fcndet \u00fcber den Gieselau-Kanal in den Nord-Ostseekanal.<\/span><span style=\"font-family: Arial;\"> Touristische Karten der Region k\u00f6nnen \u00fcber die Firma <a href=\"http:\/\/www.kartenwerk.de\/\" target=\"noframe.htm\" rel=\"noopener\">&#8218;kartenwerk&#8216;<\/a> bezogen werden.<\/span><\/td>\n<\/tr>\n<\/tbody>\n<\/table>\n<p><span style=\"font-family: Arial;\">Wie \u00fcberall im Wattenmeer muss man mit Gezeitenstr\u00f6men rechnen, in der Norder- und S\u00fcderpiep selten \u00fcber 2 kn. Bei der Ansteuerung der <strong>Eider<\/strong> ist besondere Vorsicht geboten; zum einen wegen betr\u00e4chtlicher Tidenstr\u00f6me im Fahrwasser (bis zu 5 kn!), zum anderen wegen teilweise sehr geringer Wassertiefen bei Niedrigwasser. Zudem ist die Eider n\u00f6rdlich der Linnenplatte st\u00e4ndigen Ver\u00e4nderungen unterworfen, so dass man sich die aktuellste Berichtigung (bzw. Deckblatt) besorgen sollte.<\/span><\/p>\n<h1><em><strong>Anfahrt zum Seglerhafen 2022 -caution advised<\/strong><\/em><\/h1>\n<p><img loading=\"lazy\" decoding=\"async\" class=\"details-image\" draggable=\"false\" src=\"http:\/\/www.bsv-buesum.de\/wp-content\/uploads\/20190719-DJI_0143-1024x671.jpg\" alt=\"\" width=\"607\" height=\"398\"><\/p>\n<p>Hier ein Blick vom Hafen in Richtung Westen auf die freie Nordsee. Sie kommen als unsere G\u00e4ste entweder durch die S\u00fcderpiep oder durch die Norderpiep, die sich etwa drei Seemeilen westlich vor B\u00fcsum vereinigen &#8211; das Hochhaus von B\u00fcsum liegt einlaufend auf Backbordseite und stellt ein markantes Ansteuerungsmerkmal dar.<\/p>\n\n\n<figure class=\"wp-block-image size-large\"><img loading=\"lazy\" decoding=\"async\" width=\"1024\" height=\"657\" src=\"http:\/\/www.bsv-buesum.de\/wp-content\/uploads\/Anfahrt-2022-1024x657.jpg\" alt=\"\" class=\"wp-image-1916\" srcset=\"https:\/\/www.bsv-buesum.de\/wp-content\/uploads\/Anfahrt-2022-1024x657.jpg 1024w, https:\/\/www.bsv-buesum.de\/wp-content\/uploads\/Anfahrt-2022-300x192.jpg 300w, https:\/\/www.bsv-buesum.de\/wp-content\/uploads\/Anfahrt-2022-768x493.jpg 768w, https:\/\/www.bsv-buesum.de\/wp-content\/uploads\/Anfahrt-2022-1536x985.jpg 1536w, https:\/\/www.bsv-buesum.de\/wp-content\/uploads\/Anfahrt-2022-2048x1313.jpg 2048w\" sizes=\"auto, (max-width: 1024px) 100vw, 1024px\" \/><\/figure>\n\n\n\n<p>Bitte steuern Sie unseren sch\u00f6nen Seglerhafen so an, wie oben dargestellt. Sie lassen die Dalben der Schleusenanlage etwa zwei Schiffsl\u00e4ngen hinter sich, geben hart Ruder Steuerbord und halten auf das Schild &#8222;Gastlieger&#8220; fast am Stegende im Westen zu\u2026 dann sollte alles klar gehen. Herzlich Willkommen!<\/p>\n\n\n\n<p>Bitte beachten Sie: halten Sie gro\u00dfz\u00fcgig Abstand zu den Pricken im \u00f6stlichen Teil des Hafens &#8211; sie stehen leider nicht auf der Kante.<\/p>\n","protected":false},"excerpt":{"rendered":"<p>B\u00fcsum (54\u00b0 07,5&#8242; N, 08\u00b0 52,0&#8242; E) liegt am Dithmarscher Wattenmeer, genau zwischen der Eider im Norden und der m\u00e4chtigen Elbe im S\u00fcden. Zwei sehr gute, tiefe Fahrwasser f\u00fchren nach B\u00fcsum: die Norderpiep und die S\u00fcderpiep. Beide k\u00f6nnen zu jeder Tide befahren werden, bei der Einfahrt in die Norderpiep ist jedoch bei extremem Niedrigwasser Vorsicht<\/p>\n","protected":false},"author":5,"featured_media":0,"parent":28,"menu_order":0,"comment_status":"closed","ping_status":"closed","template":"","meta":{"footnotes":""},"class_list":["post-30","page","type-page","status-publish","hentry"],"_links":{"self":[{"href":"https:\/\/www.bsv-buesum.de\/index.php?rest_route=\/wp\/v2\/pages\/30","targetHints":{"allow":["GET"]}}],"collection":[{"href":"https:\/\/www.bsv-buesum.de\/index.php?rest_route=\/wp\/v2\/pages"}],"about":[{"href":"https:\/\/www.bsv-buesum.de\/index.php?rest_route=\/wp\/v2\/types\/page"}],"author":[{"embeddable":true,"href":"https:\/\/www.bsv-buesum.de\/index.php?rest_route=\/wp\/v2\/users\/5"}],"replies":[{"embeddable":true,"href":"https:\/\/www.bsv-buesum.de\/index.php?rest_route=%2Fwp%2Fv2%2Fcomments&post=30"}],"version-history":[{"count":33,"href":"https:\/\/www.bsv-buesum.de\/index.php?rest_route=\/wp\/v2\/pages\/30\/revisions"}],"predecessor-version":[{"id":1977,"href":"https:\/\/www.bsv-buesum.de\/index.php?rest_route=\/wp\/v2\/pages\/30\/revisions\/1977"}],"up":[{"embeddable":true,"href":"https:\/\/www.bsv-buesum.de\/index.php?rest_route=\/wp\/v2\/pages\/28"}],"wp:attachment":[{"href":"https:\/\/www.bsv-buesum.de\/index.php?rest_route=%2Fwp%2Fv2%2Fmedia&parent=30"}],"curies":[{"name":"wp","href":"https:\/\/api.w.org\/{rel}","templated":true}]}}