{"id":28,"date":"2012-04-25T20:20:01","date_gmt":"2012-04-25T20:20:01","guid":{"rendered":"http:\/\/www.bsv-buesum.de\/?page_id=28"},"modified":"2025-08-02T16:51:26","modified_gmt":"2025-08-02T16:51:26","slug":"hafen","status":"publish","type":"page","link":"https:\/\/www.bsv-buesum.de\/?page_id=28","title":{"rendered":"Hafen\/ Gastlieger"},"content":{"rendered":"<p><span style=\"font-family: Arial;\"><img loading=\"lazy\" decoding=\"async\" class=\"alignright size-medium wp-image-110\" title=\"Einweihung08\" src=\"http:\/\/www.bsv-buesum.de\/wp-content\/uploads\/Einweihung08-300x225.jpg\" alt=\"\" width=\"300\" height=\"225\" srcset=\"https:\/\/www.bsv-buesum.de\/wp-content\/uploads\/Einweihung08-300x225.jpg 300w, https:\/\/www.bsv-buesum.de\/wp-content\/uploads\/Einweihung08-400x300.jpg 400w, https:\/\/www.bsv-buesum.de\/wp-content\/uploads\/Einweihung08.jpg 640w\" sizes=\"auto, (max-width: 300px) 100vw, 300px\" \/>Der B\u00fcsumer Seglerhafen liegt gesch\u00fctzt im Hafenbecken 4 direkt am Deich zur Meldorfer Bucht. Zun\u00e4chst lagen unsere &#8211; weitaus kleineren Boote &#8211; an i.a. selbstgebauten Schwimmstegen im Hafenbecken 3. Erst 1975 wurde unsere Hafenanlage im Hafenbecken IV errichtet und der Nachfrage nach Liegepl\u00e4tzen angepa\u00dft deutlich vergr\u00f6\u00dfert. Bis zu 150 Boote konnten jetzt im Seglerhafen untergebracht werden.Ab 2003 ist eine neue Steganlage aus Aluminium f\u00fcr ca. 100 Boote installiert. Clubraum, Hafenb\u00fcro und Sanit\u00e4rgeb\u00e4ude entstanden in einer Landbebauung. Die Verwaltung des Hafens erfolgt durch den B\u00fcsumer Seglerverein e.V.<\/span><\/p>\n<p><img loading=\"lazy\" decoding=\"async\" class=\"alignleft size-medium wp-image-123\" title=\"busumhafensilo\" src=\"http:\/\/www.bsv-buesum.de\/wp-content\/uploads\/busumhafensilo-300x204.jpg\" alt=\"\" width=\"300\" height=\"204\" srcset=\"https:\/\/www.bsv-buesum.de\/wp-content\/uploads\/busumhafensilo-300x204.jpg 300w, https:\/\/www.bsv-buesum.de\/wp-content\/uploads\/busumhafensilo.jpg 400w\" sizes=\"auto, (max-width: 300px) 100vw, 300px\" \/>1996 \u00fcbernahmen wir die Verantwortung und Verwaltung im Hafen. Ab 2003 wurde eine komplett neue, nach modernsten Gesichtspunkten ausgef\u00fchrte Aluminium &#8211; Steganlage installiert. Es wurde gr\u00f6\u00dfter Wert auf Sicherheit f\u00fcr unsere Vereinsmitgliedern und unseren G\u00e4sten gelegt.<\/p>\n<p>&nbsp;<\/p>\n<p>&nbsp;<\/p>\n<p>Wasser und Strom finden Sie<img loading=\"lazy\" decoding=\"async\" class=\"alignright size-medium wp-image-111\" title=\"Einweihung17\" src=\"http:\/\/www.bsv-buesum.de\/wp-content\/uploads\/Einweihung17-300x225.jpg\" alt=\"\" width=\"300\" height=\"225\" srcset=\"https:\/\/www.bsv-buesum.de\/wp-content\/uploads\/Einweihung17-300x225.jpg 300w, https:\/\/www.bsv-buesum.de\/wp-content\/uploads\/Einweihung17-400x300.jpg 400w, https:\/\/www.bsv-buesum.de\/wp-content\/uploads\/Einweihung17.jpg 640w\" sizes=\"auto, (max-width: 300px) 100vw, 300px\" \/> an den Stegen, Duschen und\u00a0Toiletten im Clubhaus.\u00a0M\u00fcllcontainer und Fahrr\u00e4der stehen unterhalb des 2013 neu angelegten Grillplatzes im Eingangsbereich des Hafengel\u00e4ndes. Parkpl\u00e4tze finden sich au\u00dferhalb, gegen\u00fcber dem Clubhaus.<\/p>\n<p>Bedenken Sie bitte: Unser Seglerhafen ist keine kommerzielle Marina. Unsere Mitglieder f\u00fchren die Erhaltungsarbeiten aus. Helfen Sie mit, Sauberkeit und Sicherheit zu erhalten!<\/p>\n<p>Der Seglerhafen verf\u00fcgt \u00fcber 100 Boxen, von denen 80 von Vereinsmitgliedern belegt sind.<\/p>\n<p>Das Sperrwerk B\u00fcsum ist rund um die Uhr besetzt (UKW Kanal 11) und wird bei Wasserst\u00e4nden von 1m \u00fcber NN geschlossen.<\/p>\n<p>Sie erreichen unseren Seglerhafen \u00fcber die S\u00fcderpiep oder die Norderpiep: Boote bis etwa 2 m Tiefgang k\u00f6nnen bei &#8222;normaler&#8220; Wetterlage die Steganlage jederzeit anlaufen. Bei extremer Ostwindlage kann es in der Stunde um Niedrigwasser zu flach werden. Der Untergrund ist jedoch weich.<\/p>\n<p>Das Hafenb\u00fcro ist in den Monaten Mai bis August immer von 09:00 &#8211; 10.00 Uhr und von 17:00 &#8211; 18:00 Uhr ge\u00f6ffnet. Hier erhalten Sie alle weiteren wesentlichen Informationen (Tel. 04834\/2997).<\/p>\n","protected":false},"excerpt":{"rendered":"<p>Der B\u00fcsumer Seglerhafen liegt gesch\u00fctzt im Hafenbecken 4 direkt am Deich zur Meldorfer Bucht. Zun\u00e4chst lagen unsere &#8211; weitaus kleineren Boote &#8211; an i.a. selbstgebauten Schwimmstegen im Hafenbecken 3. Erst 1975 wurde unsere Hafenanlage im Hafenbecken IV errichtet und der Nachfrage nach Liegepl\u00e4tzen angepa\u00dft deutlich vergr\u00f6\u00dfert. Bis zu 150 Boote konnten jetzt im Seglerhafen untergebracht<\/p>\n","protected":false},"author":5,"featured_media":0,"parent":0,"menu_order":20,"comment_status":"closed","ping_status":"closed","template":"","meta":{"footnotes":""},"class_list":["post-28","page","type-page","status-publish","hentry"],"_links":{"self":[{"href":"https:\/\/www.bsv-buesum.de\/index.php?rest_route=\/wp\/v2\/pages\/28","targetHints":{"allow":["GET"]}}],"collection":[{"href":"https:\/\/www.bsv-buesum.de\/index.php?rest_route=\/wp\/v2\/pages"}],"about":[{"href":"https:\/\/www.bsv-buesum.de\/index.php?rest_route=\/wp\/v2\/types\/page"}],"author":[{"embeddable":true,"href":"https:\/\/www.bsv-buesum.de\/index.php?rest_route=\/wp\/v2\/users\/5"}],"replies":[{"embeddable":true,"href":"https:\/\/www.bsv-buesum.de\/index.php?rest_route=%2Fwp%2Fv2%2Fcomments&post=28"}],"version-history":[{"count":15,"href":"https:\/\/www.bsv-buesum.de\/index.php?rest_route=\/wp\/v2\/pages\/28\/revisions"}],"predecessor-version":[{"id":2685,"href":"https:\/\/www.bsv-buesum.de\/index.php?rest_route=\/wp\/v2\/pages\/28\/revisions\/2685"}],"wp:attachment":[{"href":"https:\/\/www.bsv-buesum.de\/index.php?rest_route=%2Fwp%2Fv2%2Fmedia&parent=28"}],"curies":[{"name":"wp","href":"https:\/\/api.w.org\/{rel}","templated":true}]}}