{"id":26,"date":"2012-04-25T20:18:52","date_gmt":"2012-04-25T20:18:52","guid":{"rendered":"http:\/\/www.bsv-buesum.de\/?page_id=26"},"modified":"2025-08-02T16:56:51","modified_gmt":"2025-08-02T16:56:51","slug":"aktuelles","status":"publish","type":"page","link":"https:\/\/www.bsv-buesum.de\/?page_id=26","title":{"rendered":"Gastlieger"},"content":{"rendered":"<table style=\"height: 1331px;\" width=\"655\">\n<tbody>\n<tr>\n<td valign=\"TOP\" width=\"55%\"><strong>Geb\u00fchren f\u00fcr Gastlieger <\/strong><strong>Stand <\/strong><strong>2023<\/strong><strong><em>Pro angefangenen Meter 2,00 \u20ac pro Tag \/ Nacht<\/em><\/strong><\/p>\n<table style=\"height: 610px;\" border=\"1\" width=\"366\">\n<tbody>\n<tr align=\"center\">\n<td><span style=\"font-family: Arial;\"><strong>Schiffsl\u00e4nge<\/strong><\/span><\/td>\n<td><span style=\"font-family: Arial;\"><strong>Tag<\/strong><\/span><\/td>\n<td><span style=\"font-family: Arial;\"><strong>Woche<\/strong><\/span><\/td>\n<\/tr>\n<tr align=\"center\">\n<td>5 m<\/td>\n<td>10,00 \u20ac<\/td>\n<td>60,00 \u20ac<\/td>\n<\/tr>\n<tr align=\"center\">\n<td>6 m<\/td>\n<td>10,00 \u20ac<\/td>\n<td>72,00 \u20ac<\/td>\n<\/tr>\n<tr align=\"center\">\n<td>7 m<\/td>\n<td>14,00 \u20ac<\/td>\n<td>84,00 \u20ac<\/td>\n<\/tr>\n<tr align=\"center\">\n<td>8 m<\/td>\n<td>16,00 \u20ac<\/td>\n<td>96,00 \u20ac<\/td>\n<\/tr>\n<tr align=\"center\">\n<td>9 m<\/td>\n<td>18,00 \u20ac<\/td>\n<td>108,00 \u20ac<\/td>\n<\/tr>\n<tr align=\"center\">\n<td>10 m<\/td>\n<td>20,00 \u20ac<\/td>\n<td>120,00 \u20ac<\/td>\n<\/tr>\n<tr align=\"center\">\n<td>11 m<\/td>\n<td>22,00 \u20ac<\/td>\n<td>132,00 \u20ac<\/td>\n<\/tr>\n<tr align=\"center\">\n<td>12 m<\/td>\n<td>24,00 \u20ac<\/td>\n<td>144,00 \u20ac<\/td>\n<\/tr>\n<\/tbody>\n<\/table>\n<p>Hinzu kommt eine Servicepauschale von 1.- \u20ac pro Person &#8211; Kinder unter 12 Jahren sind kostenfrei.<\/p>\n<p>Waschen und Trocknen:\u00a0 je 3,00 \u20ac\u00a0 &#8211; bitte melden Sie sich beim Hafenmeister.<\/p>\n<p>Die maximale Bootsl\u00e4nge am Ausleger betr\u00e4gt 36 Feet (etwa 11,00 m) &#8222;L\u00e4nge \u00fcber Alles&#8220;. Gr\u00f6\u00dfere Boote sind in Absprache mit dem Hafenmeister festzumachen.<\/p>\n<p>Boote mit \u00dcberbreite wie Katamarane oder Trimarane entrichten zus\u00e4tzlich 50% Aufschlag auf die Liegekosten nach &#8222;L\u00e4nge \u00fcber Alles&#8220;.<\/p>\n<p>Beispiel: 12 Meter L\u00e4nge pro Tag 36.- \u20ac bei \u00dcberbreite.<\/p>\n<p>Hunde sind am Steg und auf dem Vereinsgel\u00e4ne aus R\u00fccksicht an der Leine zu f\u00fchren. Der Zutritt mit Hunden in die Sanit\u00e4ranlagen ist nicht m\u00f6glich.<\/p>\n<p><strong>Beachten Sie bitte beim Anlaufen unseres Hafens die Hinweise unter &#8222;Ansteuerung&#8220;<\/strong><\/p>\n<p><span style=\"font-family: Arial;\"><strong><span style=\"color: #000040;\">\u00a0<\/span><\/strong><\/span><\/td>\n<td valign=\"TOP\" width=\"10%\"><\/td>\n<td valign=\"TOP\" width=\"25%\"><span style=\"font-family: Arial;\"><strong><span style=\"color: #000040;\">Wichtige Telefonnummern<\/span><\/strong><\/span><span style=\"font-family: Arial;\"><span style=\"font-family: Arial;\"><br \/>\n<\/span><\/span><\/p>\n<hr \/>\n<p><strong>Hafenmeister Seglerhafen:<\/strong><\/p>\n<p><span style=\"font-family: Arial;\">04834\/2997<br \/>\n<\/span><\/p>\n<p>017660470235<\/p>\n<p>Besetzt von 09.00 \u2013 10.00 Uhr<br \/>\n\u2026 und von 17.00 \u2013 18.00 Uhr<\/p>\n<p><span style=\"font-family: Arial;\"><strong>Schleuse\/Sperrwerk:<\/strong> 04834\/2183 <strong><br \/>\n<\/strong>UKW Kanal 11 &#8222;B\u00fcsum Port&#8220; &#8211; bei rotem Signal bitte anfunken<\/span><\/p>\n<p><strong><span style=\"font-family: Arial;\">Wasserschutzpolizei:<\/span><\/strong><\/p>\n<p>Alte Hafen Insel 20<\/p>\n<p><span style=\"font-family: Arial;\"> 04834\/9598-0<\/span><\/p>\n<p><strong><span style=\"font-family: Arial;\">Polizei:<\/span><\/strong><\/p>\n<p><span style=\"font-family: Arial;\">Vereinsallee 28 <\/span><\/p>\n<p><span style=\"font-family: Arial;\">04834\/9520-0<\/span><\/p>\n<p><span style=\"font-family: Arial;\"> (Notruf 110)<\/span><span style=\"font-family: Arial;\">\u00a0<\/span><\/p>\n<p><span style=\"font-family: Arial;\"><strong>Zoll\/Amt: 04834\/2376<\/strong><br \/>\n<strong>Zoll\/Schiffsstation:<\/strong><\/span><\/p>\n<p><span style=\"font-family: Arial;\"> 04834\/2860<\/span><\/td>\n<\/tr>\n<\/tbody>\n<\/table>\n<p><span style=\"color: #ff0000;\">Wer als Vereinsmitglied l\u00e4nger als vier Wochen in der Saison im Hafen liegt, hat den Arbeitsdienst sowie die volle Nutzungsgeb\u00fchr (Betriebskosten) zu entrichten. F\u00fcr die vier Wochen ist die Gastliegegeb\u00fchr beim Hafenmeister zu bezahlen.<\/span><\/p>\n","protected":false},"excerpt":{"rendered":"<p>Geb\u00fchren f\u00fcr Gastlieger Stand 2023Pro angefangenen Meter 2,00 \u20ac pro Tag \/ Nacht Schiffsl\u00e4nge Tag Woche 5 m 10,00 \u20ac 60,00 \u20ac 6 m 10,00 \u20ac 72,00 \u20ac 7 m 14,00 \u20ac 84,00 \u20ac 8 m 16,00 \u20ac 96,00 \u20ac 9 m 18,00 \u20ac 108,00 \u20ac 10 m 20,00 \u20ac 120,00 \u20ac 11 m 22,00<\/p>\n","protected":false},"author":5,"featured_media":0,"parent":28,"menu_order":0,"comment_status":"closed","ping_status":"closed","template":"","meta":{"footnotes":""},"class_list":["post-26","page","type-page","status-publish","hentry"],"_links":{"self":[{"href":"https:\/\/www.bsv-buesum.de\/index.php?rest_route=\/wp\/v2\/pages\/26","targetHints":{"allow":["GET"]}}],"collection":[{"href":"https:\/\/www.bsv-buesum.de\/index.php?rest_route=\/wp\/v2\/pages"}],"about":[{"href":"https:\/\/www.bsv-buesum.de\/index.php?rest_route=\/wp\/v2\/types\/page"}],"author":[{"embeddable":true,"href":"https:\/\/www.bsv-buesum.de\/index.php?rest_route=\/wp\/v2\/users\/5"}],"replies":[{"embeddable":true,"href":"https:\/\/www.bsv-buesum.de\/index.php?rest_route=%2Fwp%2Fv2%2Fcomments&post=26"}],"version-history":[{"count":38,"href":"https:\/\/www.bsv-buesum.de\/index.php?rest_route=\/wp\/v2\/pages\/26\/revisions"}],"predecessor-version":[{"id":2688,"href":"https:\/\/www.bsv-buesum.de\/index.php?rest_route=\/wp\/v2\/pages\/26\/revisions\/2688"}],"up":[{"embeddable":true,"href":"https:\/\/www.bsv-buesum.de\/index.php?rest_route=\/wp\/v2\/pages\/28"}],"wp:attachment":[{"href":"https:\/\/www.bsv-buesum.de\/index.php?rest_route=%2Fwp%2Fv2%2Fmedia&parent=26"}],"curies":[{"name":"wp","href":"https:\/\/api.w.org\/{rel}","templated":true}]}}