{"id":1674,"date":"2021-03-20T14:22:14","date_gmt":"2021-03-20T14:22:14","guid":{"rendered":"http:\/\/www.bsv-buesum.de\/?page_id=1674"},"modified":"2021-03-20T14:22:14","modified_gmt":"2021-03-20T14:22:14","slug":"60-jahre-bsv","status":"publish","type":"page","link":"https:\/\/www.bsv-buesum.de\/?page_id=1674","title":{"rendered":"60 Jahre BSV"},"content":{"rendered":"<p>Neues aus der Nachbarschaft Donnerstag, 11. M\u00e4rz 2021<br \/>\nDer Segler-Verein wird 60<\/p>\n<p>Der B\u00fcsumer-Segler-Verein<br \/>\nwurde im Februar 1961 aus<br \/>\nder Taufe gehoben. Gr\u00fcndungsvorsitzender<br \/>\nwar Kapit\u00e4n<br \/>\nHeinrich L\u00fctje mithilfe des Vorsitzenden<br \/>\nDr. Constabel aus Meldorf.<\/p>\n<p>Seit 2020 ist Klaus B\u00f6hlke Vorsitzender.<br \/>\nDer Verein z\u00e4hlt 192 Mitglieder<br \/>\nmit etwa 73 Booten.<\/p>\n<p>W\u00e4hrend der Sommermonate<br \/>\nsorgt die ordnende Hand des Hafenmeisters<br \/>\nHartmut Radvan f\u00fcr einen<br \/>\nsicheren Liegeplatz. Im Sommer besuchen<br \/>\netwa 200 Gastlieger den Verein<br \/>\nund B\u00fcsum.<br \/>\nSonntagnachmittag am B\u00fcsumer<br \/>\nSegler-Hafen: Ein Segelboot schippert<br \/>\nz\u00fcgig auf den Ausleger und seinen<br \/>\nLiegeplatz zu. Der kleine Au\u00dfenborder<br \/>\nam Heck vermag die<br \/>\nFahrt kaum abzubremsen, zu sehr<br \/>\ndr\u00fcckt der Wind das Boot Richtung<br \/>\nSteg. Doch ehe es zu Schrammen am<br \/>\nBoot kommt, sind viele helfende<br \/>\nH\u00e4nde von den anderen Segel- und<br \/>\nMotorbooten da. Leinen werden<br \/>\n\u00fcbergeben, andere Seefahrerinnen<br \/>\nund Seefahrer dr\u00fccken den Rumpf<br \/>\nvom Steg ab und halten Fender bereit,<br \/>\ndie als Puffer zwischen Boot<br \/>\nund Ausleger Sch\u00e4den verhindern.<br \/>\nMan kennt sich und man hilft sich<br \/>\ngerne. Genauso wird einem Bootskameraden<br \/>\ngeholfen, dessen Elektrik<br \/>\nauf seinem Motorboot streikt:<br \/>\n\u201eWilma hat unten im Schiff kein<br \/>\nLicht zum Lesen, und die Wasserpumpe<br \/>\nl\u00e4uft nicht.\u201c Schnell sind<br \/>\nzwei Experten an Bord und finden<br \/>\nden Fehler nach kurzer Zeit. Die Kapit\u00e4nin<br \/>\nkann nun entspannt ihren<br \/>\nKrimi lesen, w\u00e4hrend der Skipper<br \/>\ngl\u00fccklich die Handl\u00e4ufe am Steuerstand<br \/>\nwienert.<br \/>\nAuf dem Steg in diesem Miteinander<br \/>\nmischt der erfahrene Segler<br \/>\nKlaus B\u00f6hlke kr\u00e4ftig mit \u2013 er wurde<br \/>\nnach vielen Jahren als zweiter Vorsitzenden<br \/>\n2020 zum Vorsitzenden<br \/>\ngew\u00e4hlt. Moderne Zeiten und dann<br \/>\nVerein \u2013 passt das? \u201eJa, und ob das<br \/>\nl\u00e4uft. Verein hei\u00dft hier in B\u00fcsum tats\u00e4chlich<br \/>\nMiteinander, einander helfen.<br \/>\nDas macht mir Freude, und ich<br \/>\ngestalte gerne die Zukunft des Vereins<br \/>\nmit\u201c, so Klaus B\u00f6hlke. \u201eNat\u00fcrlich<br \/>\ngibt es auch mal Spannungsfelder.<br \/>\nVerein ist eben richtiges Leben,<br \/>\nund wie im richtigen Leben knirscht<br \/>\nes mal. Aber uns alle eint die Freude<br \/>\nam Wasser und die Liebe zur Natur.<br \/>\nB\u00dcSUM<br \/>\nSeit 2020 ist Klaus B\u00f6hlke<br \/>\nVorsitzender. Er sch\u00e4tzt<br \/>\ndas Miteinander unter<br \/>\nden 192 Mitgliedern.<br \/>\nVon Thomas S\u00f6rensen<br \/>\nEs macht Freude und Spa\u00df, und<br \/>\nzum Gl\u00fcck gibt es ja im tollen Vorstand<br \/>\nmehrere Schultern f\u00fcr die anfallenden<br \/>\nVorstandsarbeiten.\u201c<br \/>\nUnd die Natur direkt vor der T\u00fcr<br \/>\nist wirklich gro\u00dfartig. Bei Niedrigwasser<br \/>\ngibt die Nordsee den Blick<br \/>\nauf die S\u00e4nde mit ihrer Tierwelt<br \/>\npreis. Mit den Booten kann man bei<br \/>\nentsprechendem Wetter das Abenteuer<br \/>\nWattenmeer hautnah erleben.<br \/>\n\u201eAber wir alle wissen um die Verletzlichkeit<br \/>\ndes \u00d6kosystems und achten<br \/>\nauf die Regeln. Unsere Kinder und<br \/>\nEnkelkinder sollen diese wunderbare<br \/>\nNatur ebenfalls erleben d\u00fcrfen\u201c,<br \/>\nf\u00fcgt Klaus B\u00f6hlke hinzu.<br \/>\nImmer wieder begleiten auch<br \/>\nNicht-Seeleute die Vereinsmitglieder<br \/>\nauf Tagesausfl\u00fcgen. Aus einem<br \/>\nGespr\u00e4ch zuf\u00e4llig oben an der Pforte<br \/>\nzum Clubhaus oder beim Fischh\u00e4ndler<br \/>\nim Ort ergibt sich spontan<br \/>\neine Einladung zur abendlichen<br \/>\nAusfahrt, und so wachsen dann ganz<br \/>\nschnell Seebeine f\u00fcr die B\u00fcsumer<br \/>\nG\u00e4ste, die die Nordsee sonst nur<br \/>\nvom Strand aus erleben. Das Interesse<br \/>\nam Geklapper der Masten, an<br \/>\nden bunten Segeln und den flotten<br \/>\nMotorbooten ist geweckt. Man sieht<br \/>\nsich n\u00e4chstes Jahr wieder \u2013 und<br \/>\n\u00fcbern\u00e4chstes Jahr vielleicht mit einem<br \/>\neigenen Boot.<br \/>\nHeiko Haase ist Jugendwart und<br \/>\nbest\u00e4tigt die Offenheit des Vereins<br \/>\nf\u00fcr G\u00e4ste und Jugendliche: \u201eDer B\u00fcsumer-<br \/>\nSegler-Verein bietet die M\u00f6glichkeit,<br \/>\nKinder und junge Menschen<br \/>\nan die Natur des Wattenmeeres<br \/>\nund an den Wassersport behutsam<br \/>\nheranzuf\u00fchren. Kinder geh\u00f6ren<br \/>\nauf den Steg und aufs Wasser. Fragen<br \/>\nSie gerne nach, wir kriegen das<br \/>\nschon hin.\u201c<br \/>\nEs ist jetzt Sunset. Im letzten D\u00e4mmerlicht<br \/>\nzeigen sich dunkle Wolken<br \/>\nam Horizont. Die Nordsee wird bald<br \/>\nz\u00fcrnen, aber alle Boote sind sicher<br \/>\nvert\u00e4ut. In einigen Booten brennt<br \/>\nnoch Licht. Die Besatzungen verbringen<br \/>\ndie Nacht an Bord. Es wird<br \/>\nwohl schaukeln. Aber nirgendwo<br \/>\nschl\u00e4ft es sich besser als an Bord.<br \/>\nSehnsuchtsort Boot \u2013 Hafenbecken<br \/>\nIV in B\u00fcsum beim B\u00fcsumer-Segler-<br \/>\nVerein, 60 Jahre jung.<\/p>\n","protected":false},"excerpt":{"rendered":"<p>Neues aus der Nachbarschaft Donnerstag, 11. M\u00e4rz 2021 Der Segler-Verein wird 60 Der B\u00fcsumer-Segler-Verein wurde im Februar 1961 aus der Taufe gehoben. Gr\u00fcndungsvorsitzender war Kapit\u00e4n Heinrich L\u00fctje mithilfe des Vorsitzenden Dr. Constabel aus Meldorf. Seit 2020 ist Klaus B\u00f6hlke Vorsitzender. Der Verein z\u00e4hlt 192 Mitglieder mit etwa 73 Booten. W\u00e4hrend der Sommermonate sorgt die ordnende<\/p>\n","protected":false},"author":4,"featured_media":0,"parent":52,"menu_order":0,"comment_status":"closed","ping_status":"closed","template":"","meta":{"footnotes":""},"class_list":["post-1674","page","type-page","status-publish","hentry"],"_links":{"self":[{"href":"https:\/\/www.bsv-buesum.de\/index.php?rest_route=\/wp\/v2\/pages\/1674","targetHints":{"allow":["GET"]}}],"collection":[{"href":"https:\/\/www.bsv-buesum.de\/index.php?rest_route=\/wp\/v2\/pages"}],"about":[{"href":"https:\/\/www.bsv-buesum.de\/index.php?rest_route=\/wp\/v2\/types\/page"}],"author":[{"embeddable":true,"href":"https:\/\/www.bsv-buesum.de\/index.php?rest_route=\/wp\/v2\/users\/4"}],"replies":[{"embeddable":true,"href":"https:\/\/www.bsv-buesum.de\/index.php?rest_route=%2Fwp%2Fv2%2Fcomments&post=1674"}],"version-history":[{"count":1,"href":"https:\/\/www.bsv-buesum.de\/index.php?rest_route=\/wp\/v2\/pages\/1674\/revisions"}],"predecessor-version":[{"id":1675,"href":"https:\/\/www.bsv-buesum.de\/index.php?rest_route=\/wp\/v2\/pages\/1674\/revisions\/1675"}],"up":[{"embeddable":true,"href":"https:\/\/www.bsv-buesum.de\/index.php?rest_route=\/wp\/v2\/pages\/52"}],"wp:attachment":[{"href":"https:\/\/www.bsv-buesum.de\/index.php?rest_route=%2Fwp%2Fv2%2Fmedia&parent=1674"}],"curies":[{"name":"wp","href":"https:\/\/api.w.org\/{rel}","templated":true}]}}