{"id":1557,"date":"2020-08-22T09:08:59","date_gmt":"2020-08-22T09:08:59","guid":{"rendered":"http:\/\/www.bsv-buesum.de\/?page_id=1557"},"modified":"2020-08-22T09:08:59","modified_gmt":"2020-08-22T09:08:59","slug":"buesum","status":"publish","type":"page","link":"https:\/\/www.bsv-buesum.de\/?page_id=1557","title":{"rendered":"B\u00fcsum"},"content":{"rendered":"<p>B\u00fcsum bietet neben touristischen Aktivit\u00e4ten in einem Umkreis von drei Kilometern alle Einkaufm\u00f6glichkeiten, die eine Skipperin oder ein Skipper ben\u00f6tigt: Edeka mit Poststelle, Lidl und Aldi liegen dicht beeinander knapp zwei Kilometer entfernt am \u00f6stlichen Ortseingang neben einem Kaufhaus mit buntem Sortiment. Dicht dabei findet sich eine Tankstelle. In gleicher Richtung erfreut ein Baumarkt mit vielen Artikeln f\u00fcr unsere Boote die Kapit\u00e4nin und den Kapit\u00e4n. Im Zentrum liegen ein gut sortierter Buchladen und mehrere Apotheken. Ortsans\u00e4ssige Kameraden und der Hafenmeister helfen bei der Suche gerne weiter.<\/p>\n","protected":false},"excerpt":{"rendered":"<p>B\u00fcsum bietet neben touristischen Aktivit\u00e4ten in einem Umkreis von drei Kilometern alle Einkaufm\u00f6glichkeiten, die eine Skipperin oder ein Skipper ben\u00f6tigt: Edeka mit Poststelle, Lidl und Aldi liegen dicht beeinander knapp zwei Kilometer entfernt am \u00f6stlichen Ortseingang neben einem Kaufhaus mit buntem Sortiment. Dicht dabei findet sich eine Tankstelle. In gleicher Richtung erfreut ein Baumarkt mit<\/p>\n","protected":false},"author":4,"featured_media":0,"parent":0,"menu_order":0,"comment_status":"closed","ping_status":"closed","template":"","meta":{"footnotes":""},"class_list":["post-1557","page","type-page","status-publish","hentry"],"_links":{"self":[{"href":"https:\/\/www.bsv-buesum.de\/index.php?rest_route=\/wp\/v2\/pages\/1557","targetHints":{"allow":["GET"]}}],"collection":[{"href":"https:\/\/www.bsv-buesum.de\/index.php?rest_route=\/wp\/v2\/pages"}],"about":[{"href":"https:\/\/www.bsv-buesum.de\/index.php?rest_route=\/wp\/v2\/types\/page"}],"author":[{"embeddable":true,"href":"https:\/\/www.bsv-buesum.de\/index.php?rest_route=\/wp\/v2\/users\/4"}],"replies":[{"embeddable":true,"href":"https:\/\/www.bsv-buesum.de\/index.php?rest_route=%2Fwp%2Fv2%2Fcomments&post=1557"}],"version-history":[{"count":3,"href":"https:\/\/www.bsv-buesum.de\/index.php?rest_route=\/wp\/v2\/pages\/1557\/revisions"}],"predecessor-version":[{"id":1560,"href":"https:\/\/www.bsv-buesum.de\/index.php?rest_route=\/wp\/v2\/pages\/1557\/revisions\/1560"}],"wp:attachment":[{"href":"https:\/\/www.bsv-buesum.de\/index.php?rest_route=%2Fwp%2Fv2%2Fmedia&parent=1557"}],"curies":[{"name":"wp","href":"https:\/\/api.w.org\/{rel}","templated":true}]}}