{"id":101,"date":"2012-04-25T22:16:30","date_gmt":"2012-04-25T22:16:30","guid":{"rendered":"http:\/\/www.bsv-buesum.de\/?page_id=101"},"modified":"2013-03-17T11:29:05","modified_gmt":"2013-03-17T11:29:05","slug":"links","status":"publish","type":"page","link":"https:\/\/www.bsv-buesum.de\/?page_id=101","title":{"rendered":"Links"},"content":{"rendered":"<p><strong><span style=\"font-family: Arial;\">F\u00fcr die T\u00f6rnplanung etc.:<\/span><\/strong><\/p>\n<ul>\n<li><span style=\"font-family: Arial;\"><a href=\"http:\/\/www.bsh.de\/\" target=\"noframe.htm\">Bundesamt f\u00fcr Seeschiffahrt und Hydrografie: <\/a><br \/>\n<a target=\"noframe.htm\">&#8211; Tidenberechnungen<\/a><br \/>\n<a target=\"noframe.htm\">&#8211; Nachrichten f\u00fcr Seefahrer (darin auch Seekartenberichtungen als Deckbl\u00e4tter zum selbst drucken)<\/a><br \/>\n<a target=\"noframe.htm\">&#8211; Nautische Warnnachrichten<\/a><br \/>\n<a target=\"noframe.htm\">&#8211; Seekarten<\/a><br \/>\n<a target=\"noframe.htm\">&#8211; Seekarten-Berichtigungen (Texte)<\/a><\/span><\/li>\n<li><span style=\"font-family: Arial;\"><a href=\"http:\/\/www.dwd.de\/\" target=\"noframe.htm\">Seewetter vom Deutschen Wetterdienst<\/a><\/span><\/li>\n<li><span style=\"font-family: Arial;\"><a href=\"http:\/\/www.wetteronline.de\/\" target=\"noframe.htm\">Wetter Online<\/a><\/span><\/li>\n<li><span style=\"font-family: Arial;\"><a href=\"http:\/\/www.wetterzentrale.de\/\" target=\"noframe.htm\">Wetterzentrale<\/a><\/span><\/li>\n<li><span style=\"font-family: Arial;\"><a href=\"http:\/\/www.esys.org\/\" target=\"noframe.htm\">ESYS: Das Europ\u00e4ische Segel-Informationssytem<\/a><\/span><\/li>\n<\/ul>\n<p><strong><span style=\"font-family: Arial;\">Aus der Region:<\/span><\/strong><\/p>\n<ul>\n<li><span style=\"font-family: Arial;\"><a href=\"http:\/\/www.kartenwerk.de\/\" target=\"noframe.htm\">Kartenwerk f\u00fcr die Westk\u00fcste<\/a><\/span><\/li>\n<li><span style=\"font-family: Arial;\"><a href=\"http:\/\/www.kueste.de\/buesum\/index.htm\" target=\"noframe.htm\">B\u00fcsum<\/a><\/span><\/li>\n<li><span style=\"font-family: Arial;\"><a href=\"http:\/\/www.kueste.de\/\" target=\"noframe.htm\">Dithmarschen<\/a><\/span><\/li>\n<li><span style=\"font-family: Arial;\"><a href=\"http:\/\/www.msv-meldorf.de\/\" target=\"noframe.htm\">Meldorfer Segelverein<\/a><\/span><\/li>\n<\/ul>\n<p><strong><span style=\"font-family: Arial;\">Mobil ohne Auto:<\/span><\/strong><\/p>\n<ul>\n<li><span style=\"font-family: Arial;\"><a href=\"http:\/\/www.dithmarschenbus.de\/\" target=\"noframe.htm\">Dithmarschenbus<\/a><\/span><\/li>\n<li><span style=\"font-family: Arial;\"><a href=\"http:\/\/www.akn.de\/\" target=\"noframe.htm\">AKN Eisenbahn AG<\/a><\/span><\/li>\n<li><span style=\"font-family: Arial;\"><a href=\"http:\/\/bahn.hafas.de\/\" target=\"noframe.htm\">Deutsche Bahn AG<\/a><\/span><\/li>\n<\/ul>\n<p><strong><span style=\"font-family: Arial;\">Sonstige n\u00fctzliche und interessante Links:<\/span><\/strong><\/p>\n<ul>\n<li><a href=\"http:\/\/www.alu-bau.de\/\"><em>ALU<\/em>&#8211;<em>BAU<\/em> GmbH &#8211; Aluminium-Schwimmsteg-Systeme<\/a><\/li>\n<li><a href=\"http:\/\/www.anhinga.de\/nordsee\/bsv.html\" target=\"noframe\">anhinga.de\/nordsee\/bsv.html<\/a> Bericht \u00fcber einen Besuch im B\u00fcsumer Hafen.<br \/>\nAuf der Homepage viele weitere interessante T\u00f6rnberichte und Links<\/li>\n<li><span style=\"font-family: Arial;\"><a href=\"http:\/\/www.segel.de\/\" target=\"noframe.htm\">SEGEL.DE &#8211; Das deutsche Segelportal<\/a><\/span><\/li>\n<li><span style=\"font-family: Arial;\"><a href=\"http:\/\/www.yacht.de\/\" target=\"noframe.htm\">YACHT &#8211; Europas gr\u00f6sstes Segelmagazin<\/a><\/span><\/li>\n<li><span style=\"font-family: Arial;\"><a href=\"http:\/\/www.segeln-magazin.de\/\" target=\"noframe.htm\">SEGELN &#8211; Das Magazin f\u00fcr Segler<\/a><\/span><\/li>\n<li><span style=\"font-family: Arial;\"><a>PALSTEK &#8211; Technisches Wassersport-Journal<\/a><\/span><\/li>\n<li><span style=\"font-family: Arial;\"><a href=\"http:\/\/www.mare.de\/\" target=\"noframe.htm\">MARE &#8211; Das Magazin der Meere<\/a><\/span><\/li>\n<li><span style=\"font-family: Arial;\"><a href=\"http:\/\/www.spyc.de\/\" target=\"noframe.htm\">Spandauer Yachtclub: Viele n\u00fctzliche Infos (u.a. T\u00f6rnberichte)<\/a><\/span><\/li>\n<\/ul>\n","protected":false},"excerpt":{"rendered":"<p>F\u00fcr die T\u00f6rnplanung etc.: Bundesamt f\u00fcr Seeschiffahrt und Hydrografie: &#8211; Tidenberechnungen &#8211; Nachrichten f\u00fcr Seefahrer (darin auch Seekartenberichtungen als Deckbl\u00e4tter zum selbst drucken) &#8211; Nautische Warnnachrichten &#8211; Seekarten &#8211; Seekarten-Berichtigungen (Texte) Seewetter vom Deutschen Wetterdienst Wetter Online Wetterzentrale ESYS: Das Europ\u00e4ische Segel-Informationssytem Aus der Region: Kartenwerk f\u00fcr die Westk\u00fcste B\u00fcsum Dithmarschen Meldorfer Segelverein Mobil ohne<\/p>\n","protected":false},"author":5,"featured_media":0,"parent":0,"menu_order":60,"comment_status":"closed","ping_status":"closed","template":"","meta":{"footnotes":""},"class_list":["post-101","page","type-page","status-publish","hentry"],"_links":{"self":[{"href":"https:\/\/www.bsv-buesum.de\/index.php?rest_route=\/wp\/v2\/pages\/101","targetHints":{"allow":["GET"]}}],"collection":[{"href":"https:\/\/www.bsv-buesum.de\/index.php?rest_route=\/wp\/v2\/pages"}],"about":[{"href":"https:\/\/www.bsv-buesum.de\/index.php?rest_route=\/wp\/v2\/types\/page"}],"author":[{"embeddable":true,"href":"https:\/\/www.bsv-buesum.de\/index.php?rest_route=\/wp\/v2\/users\/5"}],"replies":[{"embeddable":true,"href":"https:\/\/www.bsv-buesum.de\/index.php?rest_route=%2Fwp%2Fv2%2Fcomments&post=101"}],"version-history":[{"count":10,"href":"https:\/\/www.bsv-buesum.de\/index.php?rest_route=\/wp\/v2\/pages\/101\/revisions"}],"predecessor-version":[{"id":634,"href":"https:\/\/www.bsv-buesum.de\/index.php?rest_route=\/wp\/v2\/pages\/101\/revisions\/634"}],"wp:attachment":[{"href":"https:\/\/www.bsv-buesum.de\/index.php?rest_route=%2Fwp%2Fv2%2Fmedia&parent=101"}],"curies":[{"name":"wp","href":"https:\/\/api.w.org\/{rel}","templated":true}]}}